{"id":125,"date":"2019-08-24T02:29:39","date_gmt":"2019-08-24T00:29:39","guid":{"rendered":"https:\/\/aroflex.ch\/?page_id=125"},"modified":"2026-03-24T18:44:53","modified_gmt":"2026-03-24T17:44:53","slug":"unternehmen","status":"publish","type":"page","link":"https:\/\/aroflex.ch\/de\/unternehmen\/","title":{"rendered":"Unternehmen"},"content":{"rendered":"\t\t<div data-elementor-type=\"wp-post\" data-elementor-id=\"125\" class=\"elementor elementor-125\" data-elementor-settings=\"{&quot;element_pack_global_tooltip_width&quot;:{&quot;unit&quot;:&quot;px&quot;,&quot;size&quot;:&quot;&quot;,&quot;sizes&quot;:[]},&quot;element_pack_global_tooltip_width_tablet&quot;:{&quot;unit&quot;:&quot;px&quot;,&quot;size&quot;:&quot;&quot;,&quot;sizes&quot;:[]},&quot;element_pack_global_tooltip_width_mobile&quot;:{&quot;unit&quot;:&quot;px&quot;,&quot;size&quot;:&quot;&quot;,&quot;sizes&quot;:[]},&quot;element_pack_global_tooltip_padding&quot;:{&quot;unit&quot;:&quot;px&quot;,&quot;top&quot;:&quot;&quot;,&quot;right&quot;:&quot;&quot;,&quot;bottom&quot;:&quot;&quot;,&quot;left&quot;:&quot;&quot;,&quot;isLinked&quot;:true},&quot;element_pack_global_tooltip_padding_tablet&quot;:{&quot;unit&quot;:&quot;px&quot;,&quot;top&quot;:&quot;&quot;,&quot;right&quot;:&quot;&quot;,&quot;bottom&quot;:&quot;&quot;,&quot;left&quot;:&quot;&quot;,&quot;isLinked&quot;:true},&quot;element_pack_global_tooltip_padding_mobile&quot;:{&quot;unit&quot;:&quot;px&quot;,&quot;top&quot;:&quot;&quot;,&quot;right&quot;:&quot;&quot;,&quot;bottom&quot;:&quot;&quot;,&quot;left&quot;:&quot;&quot;,&quot;isLinked&quot;:true},&quot;element_pack_global_tooltip_border_radius&quot;:{&quot;unit&quot;:&quot;px&quot;,&quot;top&quot;:&quot;&quot;,&quot;right&quot;:&quot;&quot;,&quot;bottom&quot;:&quot;&quot;,&quot;left&quot;:&quot;&quot;,&quot;isLinked&quot;:true},&quot;element_pack_global_tooltip_border_radius_tablet&quot;:{&quot;unit&quot;:&quot;px&quot;,&quot;top&quot;:&quot;&quot;,&quot;right&quot;:&quot;&quot;,&quot;bottom&quot;:&quot;&quot;,&quot;left&quot;:&quot;&quot;,&quot;isLinked&quot;:true},&quot;element_pack_global_tooltip_border_radius_mobile&quot;:{&quot;unit&quot;:&quot;px&quot;,&quot;top&quot;:&quot;&quot;,&quot;right&quot;:&quot;&quot;,&quot;bottom&quot;:&quot;&quot;,&quot;left&quot;:&quot;&quot;,&quot;isLinked&quot;:true}}\" data-elementor-post-type=\"page\">\n\t\t\t\t\t\t<section class=\"has_ae_slider elementor-section elementor-top-section elementor-element elementor-element-5241044 elementor-section-boxed elementor-section-height-default elementor-section-height-default ae-bg-gallery-type-default\" data-id=\"5241044\" data-element_type=\"section\">\n\t\t\t\t\t\t<div class=\"elementor-container elementor-column-gap-default\">\n\t\t\t\t\t<div class=\"has_ae_slider elementor-column elementor-col-50 elementor-top-column elementor-element elementor-element-f912f4e ae-bg-gallery-type-default\" data-id=\"f912f4e\" data-element_type=\"column\">\n\t\t\t<div class=\"elementor-widget-wrap elementor-element-populated\">\n\t\t\t\t\t\t<div class=\"elementor-element elementor-element-6012d32 elementor-widget elementor-widget-spacer\" data-id=\"6012d32\" data-element_type=\"widget\" data-widget_type=\"spacer.default\">\n\t\t\t\t<div class=\"elementor-widget-container\">\n\t\t\t\t\t\t\t<div class=\"elementor-spacer\">\n\t\t\t<div class=\"elementor-spacer-inner\"><\/div>\n\t\t<\/div>\n\t\t\t\t\t\t<\/div>\n\t\t\t\t<\/div>\n\t\t\t\t<div class=\"elementor-element elementor-element-979aa51 elementor-widget elementor-widget-heading\" data-id=\"979aa51\" data-element_type=\"widget\" data-widget_type=\"heading.default\">\n\t\t\t\t<div class=\"elementor-widget-container\">\n\t\t\t\t\t<h1 class=\"elementor-heading-title elementor-size-default\">\u00dcber Aroflex<\/h1>\t\t\t\t<\/div>\n\t\t\t\t<\/div>\n\t\t\t\t<section class=\"has_ae_slider elementor-section elementor-inner-section elementor-element elementor-element-b64e510 elementor-section-boxed elementor-section-height-default elementor-section-height-default ae-bg-gallery-type-default\" data-id=\"b64e510\" data-element_type=\"section\">\n\t\t\t\t\t\t<div class=\"elementor-container elementor-column-gap-default\">\n\t\t\t\t\t<div class=\"has_ae_slider elementor-column elementor-col-50 elementor-inner-column elementor-element elementor-element-d6a8a60 ae-bg-gallery-type-default\" data-id=\"d6a8a60\" data-element_type=\"column\">\n\t\t\t<div class=\"elementor-widget-wrap elementor-element-populated\">\n\t\t\t\t\t\t<div class=\"elementor-element elementor-element-f532bf7 elementor-widget elementor-widget-text-editor\" data-id=\"f532bf7\" data-element_type=\"widget\" data-widget_type=\"text-editor.default\">\n\t\t\t\t<div class=\"elementor-widget-container\">\n\t\t\t\t\t\t\t\t\t<p>Im Jahr 1976 wurde Aroflex in Weinfelden gegr\u00fcndet.<br \/>Zu Beginn entwickelte das Unternehmen Proportional-Hydraulikventile und analoge Steuer- und Regelelektronik.<br \/>Im Jahr 1986 konnte das Unternehmen in eigene R\u00e4umlichkeiten nach M\u00e4rstetten umziehen und hat sich \u00fcber die n\u00e4chsten 30 Jahre als <b>flexibles und unabh\u00e4ngiges Unternehmen im Bereich der \u00d6l-Hydraulikbranche <\/b>einen Namen geschaffen.<\/p><p>Durch unerm\u00fcdlichen Erfindergeist ist es dem Unternehmen gelungen in der <b>Entwicklung und Herstellung von Druckger\u00e4ten und Produktionshilfsmitteln<\/b> ein weiteres Standbein aufzubauen.<br \/>Dieser Bereich hat sich im Laufe der Jahre so stark weiterentwickelt, dass Aroflex Industries AG bis Heute zu einem bekannten regionalen Maschinenbauer herangewachsen ist und viele Unternehmen seine treuen Kunden nennen darf.<\/p><p>Wir z\u00e4hlen es zu unserer St\u00e4rke, vor allem auch in kleinen St\u00fcckzahlen, Ventile, Aggregate und ganze Maschinen nach Kundenwunsch zu entwickeln und herzustellen.<\/p>\t\t\t\t\t\t\t\t<\/div>\n\t\t\t\t<\/div>\n\t\t\t\t<div class=\"elementor-element elementor-element-efd18f0 elementor-widget elementor-widget-text-editor\" data-id=\"efd18f0\" data-element_type=\"widget\" data-widget_type=\"text-editor.default\">\n\t\t\t\t<div class=\"elementor-widget-container\">\n\t\t\t\t\t\t\t\t\t<h3 style=\"font-family: Arial, Helvetica, sans-serif; font-style: italic; text-align: center;\"><span style=\"color: #5e5e5e;\">&#8222;H\u00f6chste Qualit\u00e4t und zufriedene Kunden<br \/>sind unser oberstes Ziel.&#8220;<\/span><\/h3>\t\t\t\t\t\t\t\t<\/div>\n\t\t\t\t<\/div>\n\t\t\t\t\t<\/div>\n\t\t<\/div>\n\t\t\t\t<div class=\"has_ae_slider elementor-column elementor-col-50 elementor-inner-column elementor-element elementor-element-551d967 ae-bg-gallery-type-default\" data-id=\"551d967\" data-element_type=\"column\">\n\t\t\t<div class=\"elementor-widget-wrap elementor-element-populated\">\n\t\t\t\t\t\t<div class=\"elementor-element elementor-element-d6c8e75 elementor-widget elementor-widget-image\" data-id=\"d6c8e75\" data-element_type=\"widget\" data-widget_type=\"image.default\">\n\t\t\t\t<div class=\"elementor-widget-container\">\n\t\t\t\t\t\t\t\t\t\t\t\t\t\t\t<img fetchpriority=\"high\" decoding=\"async\" width=\"600\" height=\"320\" src=\"https:\/\/aroflex.ch\/wp-content\/uploads\/Ford-vor-Gebaeude-web.jpg\" class=\"attachment-large size-large wp-image-127\" alt=\"\" srcset=\"https:\/\/aroflex.ch\/wp-content\/uploads\/Ford-vor-Gebaeude-web.jpg 600w, https:\/\/aroflex.ch\/wp-content\/uploads\/Ford-vor-Gebaeude-web-300x160.jpg 300w\" sizes=\"(max-width: 600px) 100vw, 600px\" \/>\t\t\t\t\t\t\t\t\t\t\t\t\t\t\t<\/div>\n\t\t\t\t<\/div>\n\t\t\t\t<div class=\"elementor-element elementor-element-a98942e elementor-hidden-tablet elementor-hidden-phone elementor-widget elementor-widget-image\" data-id=\"a98942e\" data-element_type=\"widget\" data-widget_type=\"image.default\">\n\t\t\t\t<div class=\"elementor-widget-container\">\n\t\t\t\t\t\t\t\t\t\t\t\t\t\t\t<img decoding=\"async\" width=\"300\" height=\"225\" src=\"https:\/\/aroflex.ch\/wp-content\/uploads\/Unternehmen.jpg\" class=\"attachment-large size-large wp-image-129\" alt=\"\" \/>\t\t\t\t\t\t\t\t\t\t\t\t\t\t\t<\/div>\n\t\t\t\t<\/div>\n\t\t\t\t\t<\/div>\n\t\t<\/div>\n\t\t\t\t\t<\/div>\n\t\t<\/section>\n\t\t\t\t\t<\/div>\n\t\t<\/div>\n\t\t\t\t<div class=\"has_ae_slider elementor-column elementor-col-50 elementor-top-column elementor-element elementor-element-5be84e8 ae-bg-gallery-type-default\" data-id=\"5be84e8\" data-element_type=\"column\">\n\t\t\t<div class=\"elementor-widget-wrap elementor-element-populated\">\n\t\t\t\t\t\t<div class=\"elementor-element elementor-element-3643181 elementor-widget elementor-widget-spacer\" data-id=\"3643181\" data-element_type=\"widget\" data-widget_type=\"spacer.default\">\n\t\t\t\t<div class=\"elementor-widget-container\">\n\t\t\t\t\t\t\t<div class=\"elementor-spacer\">\n\t\t\t<div class=\"elementor-spacer-inner\"><\/div>\n\t\t<\/div>\n\t\t\t\t\t\t<\/div>\n\t\t\t\t<\/div>\n\t\t\t\t<div class=\"elementor-element elementor-element-8fe5c64 elementor-nav-menu__text-align-aside elementor-widget elementor-widget-nav-menu\" data-id=\"8fe5c64\" data-element_type=\"widget\" data-settings=\"{&quot;layout&quot;:&quot;dropdown&quot;,&quot;submenu_icon&quot;:{&quot;value&quot;:&quot;&lt;i class=\\&quot;fas fa-chevron-down\\&quot; aria-hidden=\\&quot;true\\&quot;&gt;&lt;\\\/i&gt;&quot;,&quot;library&quot;:&quot;fa-solid&quot;}}\" data-widget_type=\"nav-menu.default\">\n\t\t\t\t<div class=\"elementor-widget-container\">\n\t\t\t\t\t\t\t\t<nav class=\"elementor-nav-menu--dropdown elementor-nav-menu__container\" aria-hidden=\"true\">\n\t\t\t\t<ul id=\"menu-2-8fe5c64\" class=\"elementor-nav-menu\"><li class=\"menu-item menu-item-type-post_type menu-item-object-page menu-item-3081\"><a href=\"https:\/\/aroflex.ch\/de\/unternehmen\/\" class=\"elementor-item\" tabindex=\"-1\">Unternehmen<\/a><\/li>\n<li class=\"menu-item menu-item-type-post_type menu-item-object-page menu-item-3080\"><a href=\"https:\/\/aroflex.ch\/de\/kontakt\/\" class=\"elementor-item\" tabindex=\"-1\">Kontakt<\/a><\/li>\n<\/ul>\t\t\t<\/nav>\n\t\t\t\t\t\t<\/div>\n\t\t\t\t<\/div>\n\t\t\t\t<div class=\"elementor-element elementor-element-5af6d0c elementor-cta--skin-classic elementor-animated-content elementor-bg-transform elementor-bg-transform-zoom-in elementor-widget elementor-widget-global elementor-global-3049 elementor-widget-call-to-action\" data-id=\"5af6d0c\" data-element_type=\"widget\" data-widget_type=\"call-to-action.default\">\n\t\t\t\t<div class=\"elementor-widget-container\">\n\t\t\t\t\t\t\t<a class=\"elementor-cta\" href=\"\/de\/newsletter\/\">\n\t\t\t\t\t\t\t<div class=\"elementor-cta__content\">\n\t\t\t\t\n\t\t\t\t\t\t\t\t\t<h2 class=\"elementor-cta__title elementor-cta__content-item elementor-content-item\">\n\t\t\t\t\t\tNewsletter\t\t\t\t\t<\/h2>\n\t\t\t\t\n\t\t\t\t\t\t\t\t\t<div class=\"elementor-cta__description elementor-cta__content-item elementor-content-item\">\n\t\t\t\t\t\tBleiben Sie mit unseren Newsletter immer informiert!\t\t\t\t\t<\/div>\n\t\t\t\t\n\t\t\t\t\t\t\t\t\t<div class=\"elementor-cta__button-wrapper elementor-cta__content-item elementor-content-item \">\n\t\t\t\t\t<span class=\"elementor-cta__button elementor-button elementor-size-xs\">\n\t\t\t\t\t\tJetzt anmelden ...\t\t\t\t\t<\/span>\n\t\t\t\t\t<\/div>\n\t\t\t\t\t\t\t<\/div>\n\t\t\t\t\t\t<\/a>\n\t\t\t\t\t\t<\/div>\n\t\t\t\t<\/div>\n\t\t\t\t\t<\/div>\n\t\t<\/div>\n\t\t\t\t\t<\/div>\n\t\t<\/section>\n\t\t\t\t<\/div>\n\t\t","protected":false},"excerpt":{"rendered":"<p>\u00dcber Aroflex Im Jahr 1976 wurde Aroflex in Weinfelden gegr\u00fcndet.Zu Beginn entwickelte das Unternehmen Proportional-Hydraulikventile und analoge Steuer- und Regelelektronik.Im Jahr 1986 konnte das Unternehmen in eigene R\u00e4umlichkeiten nach M\u00e4rstetten umziehen und hat sich \u00fcber die n\u00e4chsten 30 Jahre als flexibles und unabh\u00e4ngiges Unternehmen im Bereich der \u00d6l-Hydraulikbranche einen Namen geschaffen. Durch unerm\u00fcdlichen Erfindergeist ist &#8230; <a title=\"Unternehmen\" class=\"read-more\" href=\"https:\/\/aroflex.ch\/de\/unternehmen\/\" aria-label=\"Mehr Informationen \u00fcber Unternehmen\">Weiterlesen<\/a><\/p>\n","protected":false},"author":1,"featured_media":0,"parent":0,"menu_order":0,"comment_status":"closed","ping_status":"closed","template":"","meta":{"_acf_changed":false,"footnotes":""},"class_list":["post-125","page","type-page","status-publish"],"acf":[],"yoast_head":"<!-- This site is optimized with the Yoast SEO plugin v26.4 - https:\/\/yoast.com\/wordpress\/plugins\/seo\/ -->\n<title>Unternehmen - Aroflex Industries AG<\/title>\n<meta name=\"robots\" content=\"index, follow, max-snippet:-1, max-image-preview:large, max-video-preview:-1\" \/>\n<link rel=\"canonical\" href=\"https:\/\/aroflex.ch\/de\/unternehmen\/\" \/>\n<meta property=\"og:locale\" content=\"de_DE\" \/>\n<meta property=\"og:type\" content=\"article\" \/>\n<meta property=\"og:title\" content=\"Unternehmen - Aroflex Industries AG\" \/>\n<meta property=\"og:description\" content=\"\u00dcber Aroflex Im Jahr 1976 wurde Aroflex in Weinfelden gegr\u00fcndet.Zu Beginn entwickelte das Unternehmen Proportional-Hydraulikventile und analoge Steuer- und Regelelektronik.Im Jahr 1986 konnte das Unternehmen in eigene R\u00e4umlichkeiten nach M\u00e4rstetten umziehen und hat sich \u00fcber die n\u00e4chsten 30 Jahre als flexibles und unabh\u00e4ngiges Unternehmen im Bereich der \u00d6l-Hydraulikbranche einen Namen geschaffen. Durch unerm\u00fcdlichen Erfindergeist ist ... Weiterlesen\" \/>\n<meta property=\"og:url\" content=\"https:\/\/aroflex.ch\/de\/unternehmen\/\" \/>\n<meta property=\"og:site_name\" content=\"Aroflex Industries AG\" \/>\n<meta property=\"article:modified_time\" content=\"2026-03-24T17:44:53+00:00\" \/>\n<meta property=\"og:image\" content=\"https:\/\/aroflex.ch\/wp-content\/uploads\/Ford-vor-Gebaeude-web.jpg\" \/>\n\t<meta property=\"og:image:width\" content=\"600\" \/>\n\t<meta property=\"og:image:height\" content=\"320\" \/>\n\t<meta property=\"og:image:type\" content=\"image\/jpeg\" \/>\n<meta name=\"twitter:card\" content=\"summary_large_image\" \/>\n<meta name=\"twitter:label1\" content=\"Gesch\u00e4tzte Lesezeit\" \/>\n\t<meta name=\"twitter:data1\" content=\"2\u00a0Minuten\" \/>\n<script type=\"application\/ld+json\" class=\"yoast-schema-graph\">{\"@context\":\"https:\/\/schema.org\",\"@graph\":[{\"@type\":\"WebPage\",\"@id\":\"https:\/\/aroflex.ch\/de\/unternehmen\/\",\"url\":\"https:\/\/aroflex.ch\/de\/unternehmen\/\",\"name\":\"Unternehmen - Aroflex Industries AG\",\"isPartOf\":{\"@id\":\"https:\/\/aroflex.ch\/de\/#website\"},\"primaryImageOfPage\":{\"@id\":\"https:\/\/aroflex.ch\/de\/unternehmen\/#primaryimage\"},\"image\":{\"@id\":\"https:\/\/aroflex.ch\/de\/unternehmen\/#primaryimage\"},\"thumbnailUrl\":\"https:\/\/aroflex.ch\/wp-content\/uploads\/Ford-vor-Gebaeude-web.jpg\",\"datePublished\":\"2019-08-24T00:29:39+00:00\",\"dateModified\":\"2026-03-24T17:44:53+00:00\",\"breadcrumb\":{\"@id\":\"https:\/\/aroflex.ch\/de\/unternehmen\/#breadcrumb\"},\"inLanguage\":\"de\",\"potentialAction\":[{\"@type\":\"ReadAction\",\"target\":[\"https:\/\/aroflex.ch\/de\/unternehmen\/\"]}]},{\"@type\":\"ImageObject\",\"inLanguage\":\"de\",\"@id\":\"https:\/\/aroflex.ch\/de\/unternehmen\/#primaryimage\",\"url\":\"https:\/\/aroflex.ch\/wp-content\/uploads\/Ford-vor-Gebaeude-web.jpg\",\"contentUrl\":\"https:\/\/aroflex.ch\/wp-content\/uploads\/Ford-vor-Gebaeude-web.jpg\"},{\"@type\":\"BreadcrumbList\",\"@id\":\"https:\/\/aroflex.ch\/de\/unternehmen\/#breadcrumb\",\"itemListElement\":[{\"@type\":\"ListItem\",\"position\":1,\"name\":\"Startseite\",\"item\":\"https:\/\/aroflex.ch\/de\/\"},{\"@type\":\"ListItem\",\"position\":2,\"name\":\"Unternehmen\"}]},{\"@type\":\"WebSite\",\"@id\":\"https:\/\/aroflex.ch\/de\/#website\",\"url\":\"https:\/\/aroflex.ch\/de\/\",\"name\":\"Aroflex Industries AG\",\"description\":\"\",\"publisher\":{\"@id\":\"https:\/\/aroflex.ch\/de\/#organization\"},\"potentialAction\":[{\"@type\":\"SearchAction\",\"target\":{\"@type\":\"EntryPoint\",\"urlTemplate\":\"https:\/\/aroflex.ch\/de\/?s={search_term_string}\"},\"query-input\":{\"@type\":\"PropertyValueSpecification\",\"valueRequired\":true,\"valueName\":\"search_term_string\"}}],\"inLanguage\":\"de\"},{\"@type\":\"Organization\",\"@id\":\"https:\/\/aroflex.ch\/de\/#organization\",\"name\":\"Aroflex Industries AG\",\"url\":\"https:\/\/aroflex.ch\/de\/\",\"logo\":{\"@type\":\"ImageObject\",\"inLanguage\":\"de\",\"@id\":\"https:\/\/aroflex.ch\/de\/#\/schema\/logo\/image\/\",\"url\":\"https:\/\/aroflex.ch\/wp-content\/uploads\/aroflex-ag-hydraulik-maschinenbau.png\",\"contentUrl\":\"https:\/\/aroflex.ch\/wp-content\/uploads\/aroflex-ag-hydraulik-maschinenbau.png\",\"width\":500,\"height\":155,\"caption\":\"Aroflex Industries AG\"},\"image\":{\"@id\":\"https:\/\/aroflex.ch\/de\/#\/schema\/logo\/image\/\"}}]}<\/script>\n<!-- \/ Yoast SEO plugin. -->","yoast_head_json":{"title":"Unternehmen - Aroflex Industries AG","robots":{"index":"index","follow":"follow","max-snippet":"max-snippet:-1","max-image-preview":"max-image-preview:large","max-video-preview":"max-video-preview:-1"},"canonical":"https:\/\/aroflex.ch\/de\/unternehmen\/","og_locale":"de_DE","og_type":"article","og_title":"Unternehmen - Aroflex Industries AG","og_description":"\u00dcber Aroflex Im Jahr 1976 wurde Aroflex in Weinfelden gegr\u00fcndet.Zu Beginn entwickelte das Unternehmen Proportional-Hydraulikventile und analoge Steuer- und Regelelektronik.Im Jahr 1986 konnte das Unternehmen in eigene R\u00e4umlichkeiten nach M\u00e4rstetten umziehen und hat sich \u00fcber die n\u00e4chsten 30 Jahre als flexibles und unabh\u00e4ngiges Unternehmen im Bereich der \u00d6l-Hydraulikbranche einen Namen geschaffen. Durch unerm\u00fcdlichen Erfindergeist ist ... Weiterlesen","og_url":"https:\/\/aroflex.ch\/de\/unternehmen\/","og_site_name":"Aroflex Industries AG","article_modified_time":"2026-03-24T17:44:53+00:00","og_image":[{"width":600,"height":320,"url":"https:\/\/aroflex.ch\/wp-content\/uploads\/Ford-vor-Gebaeude-web.jpg","type":"image\/jpeg"}],"twitter_card":"summary_large_image","twitter_misc":{"Gesch\u00e4tzte Lesezeit":"2\u00a0Minuten"},"schema":{"@context":"https:\/\/schema.org","@graph":[{"@type":"WebPage","@id":"https:\/\/aroflex.ch\/de\/unternehmen\/","url":"https:\/\/aroflex.ch\/de\/unternehmen\/","name":"Unternehmen - Aroflex Industries AG","isPartOf":{"@id":"https:\/\/aroflex.ch\/de\/#website"},"primaryImageOfPage":{"@id":"https:\/\/aroflex.ch\/de\/unternehmen\/#primaryimage"},"image":{"@id":"https:\/\/aroflex.ch\/de\/unternehmen\/#primaryimage"},"thumbnailUrl":"https:\/\/aroflex.ch\/wp-content\/uploads\/Ford-vor-Gebaeude-web.jpg","datePublished":"2019-08-24T00:29:39+00:00","dateModified":"2026-03-24T17:44:53+00:00","breadcrumb":{"@id":"https:\/\/aroflex.ch\/de\/unternehmen\/#breadcrumb"},"inLanguage":"de","potentialAction":[{"@type":"ReadAction","target":["https:\/\/aroflex.ch\/de\/unternehmen\/"]}]},{"@type":"ImageObject","inLanguage":"de","@id":"https:\/\/aroflex.ch\/de\/unternehmen\/#primaryimage","url":"https:\/\/aroflex.ch\/wp-content\/uploads\/Ford-vor-Gebaeude-web.jpg","contentUrl":"https:\/\/aroflex.ch\/wp-content\/uploads\/Ford-vor-Gebaeude-web.jpg"},{"@type":"BreadcrumbList","@id":"https:\/\/aroflex.ch\/de\/unternehmen\/#breadcrumb","itemListElement":[{"@type":"ListItem","position":1,"name":"Startseite","item":"https:\/\/aroflex.ch\/de\/"},{"@type":"ListItem","position":2,"name":"Unternehmen"}]},{"@type":"WebSite","@id":"https:\/\/aroflex.ch\/de\/#website","url":"https:\/\/aroflex.ch\/de\/","name":"Aroflex Industries AG","description":"","publisher":{"@id":"https:\/\/aroflex.ch\/de\/#organization"},"potentialAction":[{"@type":"SearchAction","target":{"@type":"EntryPoint","urlTemplate":"https:\/\/aroflex.ch\/de\/?s={search_term_string}"},"query-input":{"@type":"PropertyValueSpecification","valueRequired":true,"valueName":"search_term_string"}}],"inLanguage":"de"},{"@type":"Organization","@id":"https:\/\/aroflex.ch\/de\/#organization","name":"Aroflex Industries AG","url":"https:\/\/aroflex.ch\/de\/","logo":{"@type":"ImageObject","inLanguage":"de","@id":"https:\/\/aroflex.ch\/de\/#\/schema\/logo\/image\/","url":"https:\/\/aroflex.ch\/wp-content\/uploads\/aroflex-ag-hydraulik-maschinenbau.png","contentUrl":"https:\/\/aroflex.ch\/wp-content\/uploads\/aroflex-ag-hydraulik-maschinenbau.png","width":500,"height":155,"caption":"Aroflex Industries AG"},"image":{"@id":"https:\/\/aroflex.ch\/de\/#\/schema\/logo\/image\/"}}]}},"_links":{"self":[{"href":"https:\/\/aroflex.ch\/de\/wp-json\/wp\/v2\/pages\/125","targetHints":{"allow":["GET"]}}],"collection":[{"href":"https:\/\/aroflex.ch\/de\/wp-json\/wp\/v2\/pages"}],"about":[{"href":"https:\/\/aroflex.ch\/de\/wp-json\/wp\/v2\/types\/page"}],"author":[{"embeddable":true,"href":"https:\/\/aroflex.ch\/de\/wp-json\/wp\/v2\/users\/1"}],"replies":[{"embeddable":true,"href":"https:\/\/aroflex.ch\/de\/wp-json\/wp\/v2\/comments?post=125"}],"version-history":[{"count":64,"href":"https:\/\/aroflex.ch\/de\/wp-json\/wp\/v2\/pages\/125\/revisions"}],"predecessor-version":[{"id":10714,"href":"https:\/\/aroflex.ch\/de\/wp-json\/wp\/v2\/pages\/125\/revisions\/10714"}],"wp:attachment":[{"href":"https:\/\/aroflex.ch\/de\/wp-json\/wp\/v2\/media?parent=125"}],"curies":[{"name":"wp","href":"https:\/\/api.w.org\/{rel}","templated":true}]}}