{"id":1455,"date":"2019-10-09T13:54:33","date_gmt":"2019-10-09T11:54:33","guid":{"rendered":"https:\/\/aroflex.ch\/?page_id=1455"},"modified":"2025-09-04T16:34:10","modified_gmt":"2025-09-04T14:34:10","slug":"impressum","status":"publish","type":"page","link":"https:\/\/aroflex.ch\/de\/impressum\/","title":{"rendered":"Impressum"},"content":{"rendered":"\t\t<div data-elementor-type=\"wp-page\" data-elementor-id=\"1455\" class=\"elementor elementor-1455\" data-elementor-settings=\"{&quot;element_pack_global_tooltip_width&quot;:{&quot;unit&quot;:&quot;px&quot;,&quot;size&quot;:&quot;&quot;,&quot;sizes&quot;:[]},&quot;element_pack_global_tooltip_width_tablet&quot;:{&quot;unit&quot;:&quot;px&quot;,&quot;size&quot;:&quot;&quot;,&quot;sizes&quot;:[]},&quot;element_pack_global_tooltip_width_mobile&quot;:{&quot;unit&quot;:&quot;px&quot;,&quot;size&quot;:&quot;&quot;,&quot;sizes&quot;:[]},&quot;element_pack_global_tooltip_padding&quot;:{&quot;unit&quot;:&quot;px&quot;,&quot;top&quot;:&quot;&quot;,&quot;right&quot;:&quot;&quot;,&quot;bottom&quot;:&quot;&quot;,&quot;left&quot;:&quot;&quot;,&quot;isLinked&quot;:true},&quot;element_pack_global_tooltip_padding_tablet&quot;:{&quot;unit&quot;:&quot;px&quot;,&quot;top&quot;:&quot;&quot;,&quot;right&quot;:&quot;&quot;,&quot;bottom&quot;:&quot;&quot;,&quot;left&quot;:&quot;&quot;,&quot;isLinked&quot;:true},&quot;element_pack_global_tooltip_padding_mobile&quot;:{&quot;unit&quot;:&quot;px&quot;,&quot;top&quot;:&quot;&quot;,&quot;right&quot;:&quot;&quot;,&quot;bottom&quot;:&quot;&quot;,&quot;left&quot;:&quot;&quot;,&quot;isLinked&quot;:true},&quot;element_pack_global_tooltip_border_radius&quot;:{&quot;unit&quot;:&quot;px&quot;,&quot;top&quot;:&quot;&quot;,&quot;right&quot;:&quot;&quot;,&quot;bottom&quot;:&quot;&quot;,&quot;left&quot;:&quot;&quot;,&quot;isLinked&quot;:true},&quot;element_pack_global_tooltip_border_radius_tablet&quot;:{&quot;unit&quot;:&quot;px&quot;,&quot;top&quot;:&quot;&quot;,&quot;right&quot;:&quot;&quot;,&quot;bottom&quot;:&quot;&quot;,&quot;left&quot;:&quot;&quot;,&quot;isLinked&quot;:true},&quot;element_pack_global_tooltip_border_radius_mobile&quot;:{&quot;unit&quot;:&quot;px&quot;,&quot;top&quot;:&quot;&quot;,&quot;right&quot;:&quot;&quot;,&quot;bottom&quot;:&quot;&quot;,&quot;left&quot;:&quot;&quot;,&quot;isLinked&quot;:true}}\" data-elementor-post-type=\"page\">\n\t\t\t\t\t\t<section class=\"has_ae_slider elementor-section elementor-top-section elementor-element elementor-element-df6256d elementor-section-boxed elementor-section-height-default elementor-section-height-default ae-bg-gallery-type-default\" data-id=\"df6256d\" data-element_type=\"section\">\n\t\t\t\t\t\t<div class=\"elementor-container elementor-column-gap-default\">\n\t\t\t\t\t<div class=\"has_ae_slider elementor-column elementor-col-100 elementor-top-column elementor-element elementor-element-0d0d573 ae-bg-gallery-type-default\" data-id=\"0d0d573\" data-element_type=\"column\">\n\t\t\t<div class=\"elementor-widget-wrap elementor-element-populated\">\n\t\t\t\t\t\t<div class=\"elementor-element elementor-element-573b53d elementor-widget elementor-widget-heading\" data-id=\"573b53d\" data-element_type=\"widget\" data-widget_type=\"heading.default\">\n\t\t\t\t<div class=\"elementor-widget-container\">\n\t\t\t\t\t<h1 class=\"elementor-heading-title elementor-size-default\">Impressum<\/h1>\t\t\t\t<\/div>\n\t\t\t\t<\/div>\n\t\t\t\t<div class=\"elementor-element elementor-element-4bcba0b elementor-widget elementor-widget-heading\" data-id=\"4bcba0b\" data-element_type=\"widget\" data-widget_type=\"heading.default\">\n\t\t\t\t<div class=\"elementor-widget-container\">\n\t\t\t\t\t<h2 class=\"elementor-heading-title elementor-size-default\">Inhaber und gesamtverantwortlich f\u00fcr den Inhalt dieser Seiten<\/h2>\t\t\t\t<\/div>\n\t\t\t\t<\/div>\n\t\t\t\t<div class=\"elementor-element elementor-element-9f027dd elementor-widget elementor-widget-text-editor\" data-id=\"9f027dd\" data-element_type=\"widget\" data-widget_type=\"text-editor.default\">\n\t\t\t\t<div class=\"elementor-widget-container\">\n\t\t\t\t\t\t\t\t\t<p><strong>Aroflex Industries AG<\/strong><br \/>Unter\u00e4uliweg 4<br \/>CH-8560 M\u00e4rstetten<\/p><p><a href=\"tel:+41716571928\">Tel: +41 71 657 19 28<\/a><\/p><p><a href=\"mailto:info@aroflex.ch\">info@aroflex.ch<\/a><\/p><p>Gesch\u00e4ftsf\u00fchrer: Thomas F\u00e4h<br \/>Firmennummer: CHE-413.490.673<\/p><p>\u00a9 2025 Aroflex Industries AG &#8211; alle Rechte vorbehalten<\/p><p>Auf die aktuelle und zuk\u00fcnftige Gestaltung, die Inhalte oder die Urheberschaft der gelinkten\/verkn\u00fcpften Seiten haben wir keinerlei Einfluss. Deshalb distanzieren wir uns hiermit ausdr\u00fccklich von allen Inhalten aller gelinkten\/verkn\u00fcpften Seiten.<\/p>\t\t\t\t\t\t\t\t<\/div>\n\t\t\t\t<\/div>\n\t\t\t\t<div class=\"elementor-element elementor-element-1c41383 elementor-widget elementor-widget-heading\" data-id=\"1c41383\" data-element_type=\"widget\" data-widget_type=\"heading.default\">\n\t\t\t\t<div class=\"elementor-widget-container\">\n\t\t\t\t\t<h2 class=\"elementor-heading-title elementor-size-default\">Webagentur<\/h2>\t\t\t\t<\/div>\n\t\t\t\t<\/div>\n\t\t\t\t<div class=\"elementor-element elementor-element-402b177 elementor-widget elementor-widget-text-editor\" data-id=\"402b177\" data-element_type=\"widget\" data-widget_type=\"text-editor.default\">\n\t\t\t\t<div class=\"elementor-widget-container\">\n\t\t\t\t\t\t\t\t\t<p><strong>swisswebXperts GmbH<\/strong><br \/>Die Webentwickler<br \/>St. Gallerstrasse 17<br \/>9524 Zuzwil SG<\/p><p><a href=\"http:\/\/www.swisswebxperts.ch\">www.swisswebxperts.ch<\/a><\/p>\t\t\t\t\t\t\t\t<\/div>\n\t\t\t\t<\/div>\n\t\t\t\t<div class=\"elementor-element elementor-element-14c7c65 elementor-widget elementor-widget-heading\" data-id=\"14c7c65\" data-element_type=\"widget\" data-widget_type=\"heading.default\">\n\t\t\t\t<div class=\"elementor-widget-container\">\n\t\t\t\t\t<h2 class=\"elementor-heading-title elementor-size-default\">Webanalysedienst<\/h2>\t\t\t\t<\/div>\n\t\t\t\t<\/div>\n\t\t\t\t<div class=\"elementor-element elementor-element-0cd9fbd elementor-widget elementor-widget-text-editor\" data-id=\"0cd9fbd\" data-element_type=\"widget\" data-widget_type=\"text-editor.default\">\n\t\t\t\t<div class=\"elementor-widget-container\">\n\t\t\t\t\t\t\t\t\t<p>Diese Website benutzt Google\u2122 Analytics, einen Webanalysedienst der Google Inc. (&#8222;Google&#8220;). Google Analytics verwendet sog. &#8222;Cookies&#8220;, Textdateien, die auf Ihrem Computer gespeichert werden und die eine Analyse der Benutzung der Website durch Sie erm\u00f6glichen. Die durch den Cookie erzeugten Informationen \u00fcber Ihre Benutzung dieser Website (einschlie\u00dflich Ihrer IP-Adresse) wird an einen Server von Google in den USA \u00fcbertragen und dort gespeichert. Google wird diese Informationen benutzen, um Ihre Nutzung der Website auszuwerten, um Reports \u00fcber die Websiteaktivit\u00e4ten f\u00fcr die Websitebetreiber zusammenzustellen und um weitere mit der Websitenutzung und der Internetnutzung verbundene Dienstleistungen zu erbringen. Auch wird Google diese Informationen gegebenenfalls an Dritte \u00fcbertragen, sofern dies gesetzlich vorgeschrieben oder soweit Dritte diese Daten im Auftrag von Google verarbeiten. Google wird in keinem Fall Ihre IP-Adresse mit anderen Daten von Google in Verbindung bringen. Sie k\u00f6nnen die Installation der Cookies durch eine entsprechende Einstellung Ihrer Browser Software verhindern; wir weisen Sie jedoch darauf hin, dass Sie in diesem Fall gegebenenfalls nicht s\u00e4mtliche Funktionen dieser Website vollumf\u00e4nglich nutzen k\u00f6nnen. Durch die Nutzung dieser Website erkl\u00e4ren Sie sich mit der Bearbeitung der \u00fcber Sie erhobenen Daten durch Google in der zuvor beschriebenen Art und Weise und zu dem zuvor benannten Zweck einverstanden.<\/p>\t\t\t\t\t\t\t\t<\/div>\n\t\t\t\t<\/div>\n\t\t\t\t\t<\/div>\n\t\t<\/div>\n\t\t\t\t\t<\/div>\n\t\t<\/section>\n\t\t\t\t<\/div>\n\t\t","protected":false},"excerpt":{"rendered":"<p>Impressum Inhaber und gesamtverantwortlich f\u00fcr den Inhalt dieser Seiten Aroflex Industries AGUnter\u00e4uliweg 4CH-8560 M\u00e4rstetten Tel: +41 71 657 19 28 info@aroflex.ch Gesch\u00e4ftsf\u00fchrer: Thomas F\u00e4hFirmennummer: CHE-413.490.673 \u00a9 2025 Aroflex Industries AG &#8211; alle Rechte vorbehalten Auf die aktuelle und zuk\u00fcnftige Gestaltung, die Inhalte oder die Urheberschaft der gelinkten\/verkn\u00fcpften Seiten haben wir keinerlei Einfluss. Deshalb distanzieren wir &#8230; <a title=\"Impressum\" class=\"read-more\" href=\"https:\/\/aroflex.ch\/de\/impressum\/\" aria-label=\"Mehr Informationen \u00fcber Impressum\">Weiterlesen<\/a><\/p>\n","protected":false},"author":1,"featured_media":0,"parent":0,"menu_order":0,"comment_status":"closed","ping_status":"closed","template":"","meta":{"_acf_changed":false,"footnotes":""},"class_list":["post-1455","page","type-page","status-publish"],"acf":[],"yoast_head":"<!-- This site is optimized with the Yoast SEO plugin v26.4 - https:\/\/yoast.com\/wordpress\/plugins\/seo\/ -->\n<title>Impressum - Aroflex Industries AG<\/title>\n<meta name=\"robots\" content=\"index, follow, max-snippet:-1, max-image-preview:large, max-video-preview:-1\" \/>\n<link rel=\"canonical\" href=\"https:\/\/aroflex.ch\/de\/impressum\/\" \/>\n<meta property=\"og:locale\" content=\"de_DE\" \/>\n<meta property=\"og:type\" content=\"article\" \/>\n<meta property=\"og:title\" content=\"Impressum - Aroflex Industries AG\" \/>\n<meta property=\"og:description\" content=\"Impressum Inhaber und gesamtverantwortlich f\u00fcr den Inhalt dieser Seiten Aroflex Industries AGUnter\u00e4uliweg 4CH-8560 M\u00e4rstetten Tel: +41 71 657 19 28 info@aroflex.ch Gesch\u00e4ftsf\u00fchrer: Thomas F\u00e4hFirmennummer: CHE-413.490.673 \u00a9 2025 Aroflex Industries AG &#8211; alle Rechte vorbehalten Auf die aktuelle und zuk\u00fcnftige Gestaltung, die Inhalte oder die Urheberschaft der gelinkten\/verkn\u00fcpften Seiten haben wir keinerlei Einfluss. Deshalb distanzieren wir ... Weiterlesen\" \/>\n<meta property=\"og:url\" content=\"https:\/\/aroflex.ch\/de\/impressum\/\" \/>\n<meta property=\"og:site_name\" content=\"Aroflex Industries AG\" \/>\n<meta property=\"article:modified_time\" content=\"2025-09-04T14:34:10+00:00\" \/>\n<meta name=\"twitter:card\" content=\"summary_large_image\" \/>\n<meta name=\"twitter:label1\" content=\"Gesch\u00e4tzte Lesezeit\" \/>\n\t<meta name=\"twitter:data1\" content=\"1\u00a0Minute\" \/>\n<script type=\"application\/ld+json\" class=\"yoast-schema-graph\">{\"@context\":\"https:\/\/schema.org\",\"@graph\":[{\"@type\":\"WebPage\",\"@id\":\"https:\/\/aroflex.ch\/de\/impressum\/\",\"url\":\"https:\/\/aroflex.ch\/de\/impressum\/\",\"name\":\"Impressum - Aroflex Industries AG\",\"isPartOf\":{\"@id\":\"https:\/\/aroflex.ch\/de\/#website\"},\"datePublished\":\"2019-10-09T11:54:33+00:00\",\"dateModified\":\"2025-09-04T14:34:10+00:00\",\"breadcrumb\":{\"@id\":\"https:\/\/aroflex.ch\/de\/impressum\/#breadcrumb\"},\"inLanguage\":\"de\",\"potentialAction\":[{\"@type\":\"ReadAction\",\"target\":[\"https:\/\/aroflex.ch\/de\/impressum\/\"]}]},{\"@type\":\"BreadcrumbList\",\"@id\":\"https:\/\/aroflex.ch\/de\/impressum\/#breadcrumb\",\"itemListElement\":[{\"@type\":\"ListItem\",\"position\":1,\"name\":\"Startseite\",\"item\":\"https:\/\/aroflex.ch\/de\/\"},{\"@type\":\"ListItem\",\"position\":2,\"name\":\"Impressum\"}]},{\"@type\":\"WebSite\",\"@id\":\"https:\/\/aroflex.ch\/de\/#website\",\"url\":\"https:\/\/aroflex.ch\/de\/\",\"name\":\"Aroflex Industries AG\",\"description\":\"\",\"publisher\":{\"@id\":\"https:\/\/aroflex.ch\/de\/#organization\"},\"potentialAction\":[{\"@type\":\"SearchAction\",\"target\":{\"@type\":\"EntryPoint\",\"urlTemplate\":\"https:\/\/aroflex.ch\/de\/?s={search_term_string}\"},\"query-input\":{\"@type\":\"PropertyValueSpecification\",\"valueRequired\":true,\"valueName\":\"search_term_string\"}}],\"inLanguage\":\"de\"},{\"@type\":\"Organization\",\"@id\":\"https:\/\/aroflex.ch\/de\/#organization\",\"name\":\"Aroflex Industries AG\",\"url\":\"https:\/\/aroflex.ch\/de\/\",\"logo\":{\"@type\":\"ImageObject\",\"inLanguage\":\"de\",\"@id\":\"https:\/\/aroflex.ch\/de\/#\/schema\/logo\/image\/\",\"url\":\"https:\/\/aroflex.ch\/wp-content\/uploads\/aroflex-ag-hydraulik-maschinenbau.png\",\"contentUrl\":\"https:\/\/aroflex.ch\/wp-content\/uploads\/aroflex-ag-hydraulik-maschinenbau.png\",\"width\":500,\"height\":155,\"caption\":\"Aroflex Industries AG\"},\"image\":{\"@id\":\"https:\/\/aroflex.ch\/de\/#\/schema\/logo\/image\/\"}}]}<\/script>\n<!-- \/ Yoast SEO plugin. -->","yoast_head_json":{"title":"Impressum - Aroflex Industries AG","robots":{"index":"index","follow":"follow","max-snippet":"max-snippet:-1","max-image-preview":"max-image-preview:large","max-video-preview":"max-video-preview:-1"},"canonical":"https:\/\/aroflex.ch\/de\/impressum\/","og_locale":"de_DE","og_type":"article","og_title":"Impressum - Aroflex Industries AG","og_description":"Impressum Inhaber und gesamtverantwortlich f\u00fcr den Inhalt dieser Seiten Aroflex Industries AGUnter\u00e4uliweg 4CH-8560 M\u00e4rstetten Tel: +41 71 657 19 28 info@aroflex.ch Gesch\u00e4ftsf\u00fchrer: Thomas F\u00e4hFirmennummer: CHE-413.490.673 \u00a9 2025 Aroflex Industries AG &#8211; alle Rechte vorbehalten Auf die aktuelle und zuk\u00fcnftige Gestaltung, die Inhalte oder die Urheberschaft der gelinkten\/verkn\u00fcpften Seiten haben wir keinerlei Einfluss. Deshalb distanzieren wir ... Weiterlesen","og_url":"https:\/\/aroflex.ch\/de\/impressum\/","og_site_name":"Aroflex Industries AG","article_modified_time":"2025-09-04T14:34:10+00:00","twitter_card":"summary_large_image","twitter_misc":{"Gesch\u00e4tzte Lesezeit":"1\u00a0Minute"},"schema":{"@context":"https:\/\/schema.org","@graph":[{"@type":"WebPage","@id":"https:\/\/aroflex.ch\/de\/impressum\/","url":"https:\/\/aroflex.ch\/de\/impressum\/","name":"Impressum - Aroflex Industries AG","isPartOf":{"@id":"https:\/\/aroflex.ch\/de\/#website"},"datePublished":"2019-10-09T11:54:33+00:00","dateModified":"2025-09-04T14:34:10+00:00","breadcrumb":{"@id":"https:\/\/aroflex.ch\/de\/impressum\/#breadcrumb"},"inLanguage":"de","potentialAction":[{"@type":"ReadAction","target":["https:\/\/aroflex.ch\/de\/impressum\/"]}]},{"@type":"BreadcrumbList","@id":"https:\/\/aroflex.ch\/de\/impressum\/#breadcrumb","itemListElement":[{"@type":"ListItem","position":1,"name":"Startseite","item":"https:\/\/aroflex.ch\/de\/"},{"@type":"ListItem","position":2,"name":"Impressum"}]},{"@type":"WebSite","@id":"https:\/\/aroflex.ch\/de\/#website","url":"https:\/\/aroflex.ch\/de\/","name":"Aroflex Industries AG","description":"","publisher":{"@id":"https:\/\/aroflex.ch\/de\/#organization"},"potentialAction":[{"@type":"SearchAction","target":{"@type":"EntryPoint","urlTemplate":"https:\/\/aroflex.ch\/de\/?s={search_term_string}"},"query-input":{"@type":"PropertyValueSpecification","valueRequired":true,"valueName":"search_term_string"}}],"inLanguage":"de"},{"@type":"Organization","@id":"https:\/\/aroflex.ch\/de\/#organization","name":"Aroflex Industries AG","url":"https:\/\/aroflex.ch\/de\/","logo":{"@type":"ImageObject","inLanguage":"de","@id":"https:\/\/aroflex.ch\/de\/#\/schema\/logo\/image\/","url":"https:\/\/aroflex.ch\/wp-content\/uploads\/aroflex-ag-hydraulik-maschinenbau.png","contentUrl":"https:\/\/aroflex.ch\/wp-content\/uploads\/aroflex-ag-hydraulik-maschinenbau.png","width":500,"height":155,"caption":"Aroflex Industries AG"},"image":{"@id":"https:\/\/aroflex.ch\/de\/#\/schema\/logo\/image\/"}}]}},"_links":{"self":[{"href":"https:\/\/aroflex.ch\/de\/wp-json\/wp\/v2\/pages\/1455","targetHints":{"allow":["GET"]}}],"collection":[{"href":"https:\/\/aroflex.ch\/de\/wp-json\/wp\/v2\/pages"}],"about":[{"href":"https:\/\/aroflex.ch\/de\/wp-json\/wp\/v2\/types\/page"}],"author":[{"embeddable":true,"href":"https:\/\/aroflex.ch\/de\/wp-json\/wp\/v2\/users\/1"}],"replies":[{"embeddable":true,"href":"https:\/\/aroflex.ch\/de\/wp-json\/wp\/v2\/comments?post=1455"}],"version-history":[{"count":12,"href":"https:\/\/aroflex.ch\/de\/wp-json\/wp\/v2\/pages\/1455\/revisions"}],"predecessor-version":[{"id":10546,"href":"https:\/\/aroflex.ch\/de\/wp-json\/wp\/v2\/pages\/1455\/revisions\/10546"}],"wp:attachment":[{"href":"https:\/\/aroflex.ch\/de\/wp-json\/wp\/v2\/media?parent=1455"}],"curies":[{"name":"wp","href":"https:\/\/api.w.org\/{rel}","templated":true}]}}