{"id":1797,"date":"2019-10-15T12:13:09","date_gmt":"2019-10-15T10:13:09","guid":{"rendered":"https:\/\/aroflex.ch\/?page_id=1797"},"modified":"2019-10-15T12:21:58","modified_gmt":"2019-10-15T10:21:58","slug":"angebote","status":"publish","type":"page","link":"https:\/\/aroflex.ch\/de\/angebote\/","title":{"rendered":"Angebote"},"content":{"rendered":"\t\t<div data-elementor-type=\"wp-page\" data-elementor-id=\"1797\" class=\"elementor elementor-1797\" data-elementor-settings=\"{&quot;element_pack_global_tooltip_width&quot;:{&quot;unit&quot;:&quot;px&quot;,&quot;size&quot;:&quot;&quot;,&quot;sizes&quot;:[]},&quot;element_pack_global_tooltip_width_tablet&quot;:{&quot;unit&quot;:&quot;px&quot;,&quot;size&quot;:&quot;&quot;,&quot;sizes&quot;:[]},&quot;element_pack_global_tooltip_width_mobile&quot;:{&quot;unit&quot;:&quot;px&quot;,&quot;size&quot;:&quot;&quot;,&quot;sizes&quot;:[]},&quot;element_pack_global_tooltip_padding&quot;:{&quot;unit&quot;:&quot;px&quot;,&quot;top&quot;:&quot;&quot;,&quot;right&quot;:&quot;&quot;,&quot;bottom&quot;:&quot;&quot;,&quot;left&quot;:&quot;&quot;,&quot;isLinked&quot;:true},&quot;element_pack_global_tooltip_padding_tablet&quot;:{&quot;unit&quot;:&quot;px&quot;,&quot;top&quot;:&quot;&quot;,&quot;right&quot;:&quot;&quot;,&quot;bottom&quot;:&quot;&quot;,&quot;left&quot;:&quot;&quot;,&quot;isLinked&quot;:true},&quot;element_pack_global_tooltip_padding_mobile&quot;:{&quot;unit&quot;:&quot;px&quot;,&quot;top&quot;:&quot;&quot;,&quot;right&quot;:&quot;&quot;,&quot;bottom&quot;:&quot;&quot;,&quot;left&quot;:&quot;&quot;,&quot;isLinked&quot;:true},&quot;element_pack_global_tooltip_border_radius&quot;:{&quot;unit&quot;:&quot;px&quot;,&quot;top&quot;:&quot;&quot;,&quot;right&quot;:&quot;&quot;,&quot;bottom&quot;:&quot;&quot;,&quot;left&quot;:&quot;&quot;,&quot;isLinked&quot;:true},&quot;element_pack_global_tooltip_border_radius_tablet&quot;:{&quot;unit&quot;:&quot;px&quot;,&quot;top&quot;:&quot;&quot;,&quot;right&quot;:&quot;&quot;,&quot;bottom&quot;:&quot;&quot;,&quot;left&quot;:&quot;&quot;,&quot;isLinked&quot;:true},&quot;element_pack_global_tooltip_border_radius_mobile&quot;:{&quot;unit&quot;:&quot;px&quot;,&quot;top&quot;:&quot;&quot;,&quot;right&quot;:&quot;&quot;,&quot;bottom&quot;:&quot;&quot;,&quot;left&quot;:&quot;&quot;,&quot;isLinked&quot;:true}}\" data-elementor-post-type=\"page\">\n\t\t\t\t\t\t<section class=\"has_ae_slider elementor-section elementor-top-section elementor-element elementor-element-849e60e elementor-section-boxed elementor-section-height-default elementor-section-height-default ae-bg-gallery-type-default\" data-id=\"849e60e\" data-element_type=\"section\">\n\t\t\t\t\t\t<div class=\"elementor-container elementor-column-gap-default\">\n\t\t\t\t\t<div class=\"has_ae_slider elementor-column elementor-col-100 elementor-top-column elementor-element elementor-element-7a4ac35 ae-bg-gallery-type-default\" data-id=\"7a4ac35\" data-element_type=\"column\">\n\t\t\t<div class=\"elementor-widget-wrap elementor-element-populated\">\n\t\t\t\t\t\t<div class=\"elementor-element elementor-element-acb1866 elementor-widget elementor-widget-heading\" data-id=\"acb1866\" data-element_type=\"widget\" data-widget_type=\"heading.default\">\n\t\t\t\t<div class=\"elementor-widget-container\">\n\t\t\t\t\t<h1 class=\"elementor-heading-title elementor-size-default\">Angebote<\/h1>\t\t\t\t<\/div>\n\t\t\t\t<\/div>\n\t\t\t\t<section class=\"has_ae_slider elementor-section elementor-inner-section elementor-element elementor-element-a321ef7 elementor-section-boxed elementor-section-height-default elementor-section-height-default ae-bg-gallery-type-default\" data-id=\"a321ef7\" data-element_type=\"section\">\n\t\t\t\t\t\t<div class=\"elementor-container elementor-column-gap-default\">\n\t\t\t\t\t<div class=\"has_ae_slider elementor-column elementor-col-50 elementor-inner-column elementor-element elementor-element-d07ad82 ae-bg-gallery-type-default\" data-id=\"d07ad82\" data-element_type=\"column\">\n\t\t\t<div class=\"elementor-widget-wrap elementor-element-populated\">\n\t\t\t\t\t\t<div class=\"elementor-element elementor-element-32da2d7 elementor-widget elementor-widget-heading\" data-id=\"32da2d7\" data-element_type=\"widget\" data-widget_type=\"heading.default\">\n\t\t\t\t<div class=\"elementor-widget-container\">\n\t\t\t\t\t<h2 class=\"elementor-heading-title elementor-size-default\">Manometerkoffer<\/h2>\t\t\t\t<\/div>\n\t\t\t\t<\/div>\n\t\t\t\t<div class=\"elementor-element elementor-element-bc69cb5 elementor-widget elementor-widget-text-editor\" data-id=\"bc69cb5\" data-element_type=\"widget\" data-widget_type=\"text-editor.default\">\n\t\t\t\t<div class=\"elementor-widget-container\">\n\t\t\t\t\t\t\t\t\t<p>F\u00fcr alle die robuste und einfache Werkzeuge lieben!<\/p><p>Mit sechs Manometern unterschiedlicher Skalierung und 1,5 m Messchlauch f\u00fcr nur noch CHF 435.- exkl. MWST.<\/p><p>Bis zu sechs Hydraulikdr\u00fccke k\u00f6nnen gleichzeitig, einfach und schnell \u00fcberwacht werden.<\/p><p>Sie k\u00f6nnen den Koffer ganz einfach in unserem neuen E-Shop bestellen, klicken Sie auf folgenden Link:\u00a0<a title=\"Manometerkoffer\" href=\"https:\/\/www.aroflex.ch\/shop\/de\/Hydraulikzubehoer\/Manometer\/Manometerkoffer-6-fach-Typ-AMK-6-1.html\" target=\"_blank\" rel=\"noopener\">E-Shop \/ Manometerkoffer<\/a><br \/><br \/>Standardbest\u00fcckung:<\/p><ul><li>Manometer 0 &#8211; 25 bar<\/li><li>Manometer 0 &#8211; 60 bar<\/li><li>Manometer 0 &#8211; 160 bar<\/li><li>Manometer 0 &#8211; 250 bar<\/li><li>Manometer 0 &#8211; 400 bar<\/li><li>Manometer 0 &#8211; 600 bar<\/li><li>Messschlauch 1,5 m FAA-1500<\/li><\/ul><p>Der Koffer kann auch nach Ihren W\u00fcnschen best\u00fcckt werden.<\/p>\t\t\t\t\t\t\t\t<\/div>\n\t\t\t\t<\/div>\n\t\t\t\t\t<\/div>\n\t\t<\/div>\n\t\t\t\t<div class=\"has_ae_slider elementor-column elementor-col-50 elementor-inner-column elementor-element elementor-element-456a005 ae-bg-gallery-type-default\" data-id=\"456a005\" data-element_type=\"column\">\n\t\t\t<div class=\"elementor-widget-wrap elementor-element-populated\">\n\t\t\t\t\t\t<div class=\"elementor-element elementor-element-f744783 elementor-widget elementor-widget-image\" data-id=\"f744783\" data-element_type=\"widget\" data-widget_type=\"image.default\">\n\t\t\t\t<div class=\"elementor-widget-container\">\n\t\t\t\t\t\t\t\t\t\t\t\t\t\t\t<img fetchpriority=\"high\" decoding=\"async\" width=\"800\" height=\"840\" src=\"https:\/\/aroflex.ch\/wp-content\/uploads\/Manometerkoffer-web.jpg\" class=\"attachment-large size-large wp-image-1794\" alt=\"\" srcset=\"https:\/\/aroflex.ch\/wp-content\/uploads\/Manometerkoffer-web.jpg 800w, https:\/\/aroflex.ch\/wp-content\/uploads\/Manometerkoffer-web-286x300.jpg 286w, https:\/\/aroflex.ch\/wp-content\/uploads\/Manometerkoffer-web-768x806.jpg 768w\" sizes=\"(max-width: 800px) 100vw, 800px\" \/>\t\t\t\t\t\t\t\t\t\t\t\t\t\t\t<\/div>\n\t\t\t\t<\/div>\n\t\t\t\t\t<\/div>\n\t\t<\/div>\n\t\t\t\t\t<\/div>\n\t\t<\/section>\n\t\t\t\t\t<\/div>\n\t\t<\/div>\n\t\t\t\t\t<\/div>\n\t\t<\/section>\n\t\t\t\t<\/div>\n\t\t","protected":false},"excerpt":{"rendered":"<p>Angebote Manometerkoffer F\u00fcr alle die robuste und einfache Werkzeuge lieben! Mit sechs Manometern unterschiedlicher Skalierung und 1,5 m Messchlauch f\u00fcr nur noch CHF 435.- exkl. MWST. Bis zu sechs Hydraulikdr\u00fccke k\u00f6nnen gleichzeitig, einfach und schnell \u00fcberwacht werden. Sie k\u00f6nnen den Koffer ganz einfach in unserem neuen E-Shop bestellen, klicken Sie auf folgenden Link:\u00a0E-Shop \/ Manometerkoffer &#8230; <a title=\"Angebote\" class=\"read-more\" href=\"https:\/\/aroflex.ch\/de\/angebote\/\" aria-label=\"Mehr Informationen \u00fcber Angebote\">Weiterlesen<\/a><\/p>\n","protected":false},"author":1,"featured_media":0,"parent":0,"menu_order":0,"comment_status":"closed","ping_status":"closed","template":"","meta":{"_acf_changed":false,"footnotes":""},"class_list":["post-1797","page","type-page","status-publish"],"acf":[],"yoast_head":"<!-- This site is optimized with the Yoast SEO plugin v26.4 - https:\/\/yoast.com\/wordpress\/plugins\/seo\/ -->\n<title>Angebote - Aroflex Industries AG<\/title>\n<meta name=\"robots\" content=\"index, follow, max-snippet:-1, max-image-preview:large, max-video-preview:-1\" \/>\n<link rel=\"canonical\" href=\"https:\/\/aroflex.ch\/de\/angebote\/\" \/>\n<meta property=\"og:locale\" content=\"de_DE\" \/>\n<meta property=\"og:type\" content=\"article\" \/>\n<meta property=\"og:title\" content=\"Angebote - Aroflex Industries AG\" \/>\n<meta property=\"og:description\" content=\"Angebote Manometerkoffer F\u00fcr alle die robuste und einfache Werkzeuge lieben! Mit sechs Manometern unterschiedlicher Skalierung und 1,5 m Messchlauch f\u00fcr nur noch CHF 435.- exkl. MWST. Bis zu sechs Hydraulikdr\u00fccke k\u00f6nnen gleichzeitig, einfach und schnell \u00fcberwacht werden. Sie k\u00f6nnen den Koffer ganz einfach in unserem neuen E-Shop bestellen, klicken Sie auf folgenden Link:\u00a0E-Shop \/ Manometerkoffer ... Weiterlesen\" \/>\n<meta property=\"og:url\" content=\"https:\/\/aroflex.ch\/de\/angebote\/\" \/>\n<meta property=\"og:site_name\" content=\"Aroflex Industries AG\" \/>\n<meta property=\"article:modified_time\" content=\"2019-10-15T10:21:58+00:00\" \/>\n<meta property=\"og:image\" content=\"https:\/\/aroflex.ch\/wp-content\/uploads\/Manometerkoffer-web.jpg\" \/>\n\t<meta property=\"og:image:width\" content=\"800\" \/>\n\t<meta property=\"og:image:height\" content=\"840\" \/>\n\t<meta property=\"og:image:type\" content=\"image\/jpeg\" \/>\n<meta name=\"twitter:card\" content=\"summary_large_image\" \/>\n<script type=\"application\/ld+json\" class=\"yoast-schema-graph\">{\"@context\":\"https:\/\/schema.org\",\"@graph\":[{\"@type\":\"WebPage\",\"@id\":\"https:\/\/aroflex.ch\/de\/angebote\/\",\"url\":\"https:\/\/aroflex.ch\/de\/angebote\/\",\"name\":\"Angebote - Aroflex Industries AG\",\"isPartOf\":{\"@id\":\"https:\/\/aroflex.ch\/de\/#website\"},\"primaryImageOfPage\":{\"@id\":\"https:\/\/aroflex.ch\/de\/angebote\/#primaryimage\"},\"image\":{\"@id\":\"https:\/\/aroflex.ch\/de\/angebote\/#primaryimage\"},\"thumbnailUrl\":\"https:\/\/aroflex.ch\/wp-content\/uploads\/Manometerkoffer-web.jpg\",\"datePublished\":\"2019-10-15T10:13:09+00:00\",\"dateModified\":\"2019-10-15T10:21:58+00:00\",\"breadcrumb\":{\"@id\":\"https:\/\/aroflex.ch\/de\/angebote\/#breadcrumb\"},\"inLanguage\":\"de\",\"potentialAction\":[{\"@type\":\"ReadAction\",\"target\":[\"https:\/\/aroflex.ch\/de\/angebote\/\"]}]},{\"@type\":\"ImageObject\",\"inLanguage\":\"de\",\"@id\":\"https:\/\/aroflex.ch\/de\/angebote\/#primaryimage\",\"url\":\"https:\/\/aroflex.ch\/wp-content\/uploads\/Manometerkoffer-web.jpg\",\"contentUrl\":\"https:\/\/aroflex.ch\/wp-content\/uploads\/Manometerkoffer-web.jpg\"},{\"@type\":\"BreadcrumbList\",\"@id\":\"https:\/\/aroflex.ch\/de\/angebote\/#breadcrumb\",\"itemListElement\":[{\"@type\":\"ListItem\",\"position\":1,\"name\":\"Startseite\",\"item\":\"https:\/\/aroflex.ch\/de\/\"},{\"@type\":\"ListItem\",\"position\":2,\"name\":\"Angebote\"}]},{\"@type\":\"WebSite\",\"@id\":\"https:\/\/aroflex.ch\/de\/#website\",\"url\":\"https:\/\/aroflex.ch\/de\/\",\"name\":\"Aroflex Industries AG\",\"description\":\"\",\"publisher\":{\"@id\":\"https:\/\/aroflex.ch\/de\/#organization\"},\"potentialAction\":[{\"@type\":\"SearchAction\",\"target\":{\"@type\":\"EntryPoint\",\"urlTemplate\":\"https:\/\/aroflex.ch\/de\/?s={search_term_string}\"},\"query-input\":{\"@type\":\"PropertyValueSpecification\",\"valueRequired\":true,\"valueName\":\"search_term_string\"}}],\"inLanguage\":\"de\"},{\"@type\":\"Organization\",\"@id\":\"https:\/\/aroflex.ch\/de\/#organization\",\"name\":\"Aroflex Industries AG\",\"url\":\"https:\/\/aroflex.ch\/de\/\",\"logo\":{\"@type\":\"ImageObject\",\"inLanguage\":\"de\",\"@id\":\"https:\/\/aroflex.ch\/de\/#\/schema\/logo\/image\/\",\"url\":\"https:\/\/aroflex.ch\/wp-content\/uploads\/aroflex-ag-hydraulik-maschinenbau.png\",\"contentUrl\":\"https:\/\/aroflex.ch\/wp-content\/uploads\/aroflex-ag-hydraulik-maschinenbau.png\",\"width\":500,\"height\":155,\"caption\":\"Aroflex Industries AG\"},\"image\":{\"@id\":\"https:\/\/aroflex.ch\/de\/#\/schema\/logo\/image\/\"}}]}<\/script>\n<!-- \/ Yoast SEO plugin. -->","yoast_head_json":{"title":"Angebote - Aroflex Industries AG","robots":{"index":"index","follow":"follow","max-snippet":"max-snippet:-1","max-image-preview":"max-image-preview:large","max-video-preview":"max-video-preview:-1"},"canonical":"https:\/\/aroflex.ch\/de\/angebote\/","og_locale":"de_DE","og_type":"article","og_title":"Angebote - Aroflex Industries AG","og_description":"Angebote Manometerkoffer F\u00fcr alle die robuste und einfache Werkzeuge lieben! Mit sechs Manometern unterschiedlicher Skalierung und 1,5 m Messchlauch f\u00fcr nur noch CHF 435.- exkl. MWST. Bis zu sechs Hydraulikdr\u00fccke k\u00f6nnen gleichzeitig, einfach und schnell \u00fcberwacht werden. Sie k\u00f6nnen den Koffer ganz einfach in unserem neuen E-Shop bestellen, klicken Sie auf folgenden Link:\u00a0E-Shop \/ Manometerkoffer ... Weiterlesen","og_url":"https:\/\/aroflex.ch\/de\/angebote\/","og_site_name":"Aroflex Industries AG","article_modified_time":"2019-10-15T10:21:58+00:00","og_image":[{"width":800,"height":840,"url":"https:\/\/aroflex.ch\/wp-content\/uploads\/Manometerkoffer-web.jpg","type":"image\/jpeg"}],"twitter_card":"summary_large_image","schema":{"@context":"https:\/\/schema.org","@graph":[{"@type":"WebPage","@id":"https:\/\/aroflex.ch\/de\/angebote\/","url":"https:\/\/aroflex.ch\/de\/angebote\/","name":"Angebote - Aroflex Industries AG","isPartOf":{"@id":"https:\/\/aroflex.ch\/de\/#website"},"primaryImageOfPage":{"@id":"https:\/\/aroflex.ch\/de\/angebote\/#primaryimage"},"image":{"@id":"https:\/\/aroflex.ch\/de\/angebote\/#primaryimage"},"thumbnailUrl":"https:\/\/aroflex.ch\/wp-content\/uploads\/Manometerkoffer-web.jpg","datePublished":"2019-10-15T10:13:09+00:00","dateModified":"2019-10-15T10:21:58+00:00","breadcrumb":{"@id":"https:\/\/aroflex.ch\/de\/angebote\/#breadcrumb"},"inLanguage":"de","potentialAction":[{"@type":"ReadAction","target":["https:\/\/aroflex.ch\/de\/angebote\/"]}]},{"@type":"ImageObject","inLanguage":"de","@id":"https:\/\/aroflex.ch\/de\/angebote\/#primaryimage","url":"https:\/\/aroflex.ch\/wp-content\/uploads\/Manometerkoffer-web.jpg","contentUrl":"https:\/\/aroflex.ch\/wp-content\/uploads\/Manometerkoffer-web.jpg"},{"@type":"BreadcrumbList","@id":"https:\/\/aroflex.ch\/de\/angebote\/#breadcrumb","itemListElement":[{"@type":"ListItem","position":1,"name":"Startseite","item":"https:\/\/aroflex.ch\/de\/"},{"@type":"ListItem","position":2,"name":"Angebote"}]},{"@type":"WebSite","@id":"https:\/\/aroflex.ch\/de\/#website","url":"https:\/\/aroflex.ch\/de\/","name":"Aroflex Industries AG","description":"","publisher":{"@id":"https:\/\/aroflex.ch\/de\/#organization"},"potentialAction":[{"@type":"SearchAction","target":{"@type":"EntryPoint","urlTemplate":"https:\/\/aroflex.ch\/de\/?s={search_term_string}"},"query-input":{"@type":"PropertyValueSpecification","valueRequired":true,"valueName":"search_term_string"}}],"inLanguage":"de"},{"@type":"Organization","@id":"https:\/\/aroflex.ch\/de\/#organization","name":"Aroflex Industries AG","url":"https:\/\/aroflex.ch\/de\/","logo":{"@type":"ImageObject","inLanguage":"de","@id":"https:\/\/aroflex.ch\/de\/#\/schema\/logo\/image\/","url":"https:\/\/aroflex.ch\/wp-content\/uploads\/aroflex-ag-hydraulik-maschinenbau.png","contentUrl":"https:\/\/aroflex.ch\/wp-content\/uploads\/aroflex-ag-hydraulik-maschinenbau.png","width":500,"height":155,"caption":"Aroflex Industries AG"},"image":{"@id":"https:\/\/aroflex.ch\/de\/#\/schema\/logo\/image\/"}}]}},"_links":{"self":[{"href":"https:\/\/aroflex.ch\/de\/wp-json\/wp\/v2\/pages\/1797","targetHints":{"allow":["GET"]}}],"collection":[{"href":"https:\/\/aroflex.ch\/de\/wp-json\/wp\/v2\/pages"}],"about":[{"href":"https:\/\/aroflex.ch\/de\/wp-json\/wp\/v2\/types\/page"}],"author":[{"embeddable":true,"href":"https:\/\/aroflex.ch\/de\/wp-json\/wp\/v2\/users\/1"}],"replies":[{"embeddable":true,"href":"https:\/\/aroflex.ch\/de\/wp-json\/wp\/v2\/comments?post=1797"}],"version-history":[{"count":6,"href":"https:\/\/aroflex.ch\/de\/wp-json\/wp\/v2\/pages\/1797\/revisions"}],"predecessor-version":[{"id":7097,"href":"https:\/\/aroflex.ch\/de\/wp-json\/wp\/v2\/pages\/1797\/revisions\/7097"}],"wp:attachment":[{"href":"https:\/\/aroflex.ch\/de\/wp-json\/wp\/v2\/media?parent=1797"}],"curies":[{"name":"wp","href":"https:\/\/api.w.org\/{rel}","templated":true}]}}