{"id":3,"date":"2019-08-07T09:43:14","date_gmt":"2019-08-07T07:43:14","guid":{"rendered":"https:\/\/aroflex.ch\/?page_id=3"},"modified":"2020-04-02T11:25:05","modified_gmt":"2020-04-02T09:25:05","slug":"datenschutzerklaerung","status":"publish","type":"page","link":"https:\/\/aroflex.ch\/de\/datenschutzerklaerung\/","title":{"rendered":"Datenschutzerkl\u00e4rung"},"content":{"rendered":"\t\t<div data-elementor-type=\"wp-page\" data-elementor-id=\"3\" class=\"elementor elementor-3\" data-elementor-settings=\"{&quot;element_pack_global_tooltip_width&quot;:{&quot;unit&quot;:&quot;px&quot;,&quot;size&quot;:&quot;&quot;,&quot;sizes&quot;:[]},&quot;element_pack_global_tooltip_width_tablet&quot;:{&quot;unit&quot;:&quot;px&quot;,&quot;size&quot;:&quot;&quot;,&quot;sizes&quot;:[]},&quot;element_pack_global_tooltip_width_mobile&quot;:{&quot;unit&quot;:&quot;px&quot;,&quot;size&quot;:&quot;&quot;,&quot;sizes&quot;:[]},&quot;element_pack_global_tooltip_padding&quot;:{&quot;unit&quot;:&quot;px&quot;,&quot;top&quot;:&quot;&quot;,&quot;right&quot;:&quot;&quot;,&quot;bottom&quot;:&quot;&quot;,&quot;left&quot;:&quot;&quot;,&quot;isLinked&quot;:true},&quot;element_pack_global_tooltip_padding_tablet&quot;:{&quot;unit&quot;:&quot;px&quot;,&quot;top&quot;:&quot;&quot;,&quot;right&quot;:&quot;&quot;,&quot;bottom&quot;:&quot;&quot;,&quot;left&quot;:&quot;&quot;,&quot;isLinked&quot;:true},&quot;element_pack_global_tooltip_padding_mobile&quot;:{&quot;unit&quot;:&quot;px&quot;,&quot;top&quot;:&quot;&quot;,&quot;right&quot;:&quot;&quot;,&quot;bottom&quot;:&quot;&quot;,&quot;left&quot;:&quot;&quot;,&quot;isLinked&quot;:true},&quot;element_pack_global_tooltip_border_radius&quot;:{&quot;unit&quot;:&quot;px&quot;,&quot;top&quot;:&quot;&quot;,&quot;right&quot;:&quot;&quot;,&quot;bottom&quot;:&quot;&quot;,&quot;left&quot;:&quot;&quot;,&quot;isLinked&quot;:true},&quot;element_pack_global_tooltip_border_radius_tablet&quot;:{&quot;unit&quot;:&quot;px&quot;,&quot;top&quot;:&quot;&quot;,&quot;right&quot;:&quot;&quot;,&quot;bottom&quot;:&quot;&quot;,&quot;left&quot;:&quot;&quot;,&quot;isLinked&quot;:true},&quot;element_pack_global_tooltip_border_radius_mobile&quot;:{&quot;unit&quot;:&quot;px&quot;,&quot;top&quot;:&quot;&quot;,&quot;right&quot;:&quot;&quot;,&quot;bottom&quot;:&quot;&quot;,&quot;left&quot;:&quot;&quot;,&quot;isLinked&quot;:true}}\" data-elementor-post-type=\"page\">\n\t\t\t\t\t\t<section class=\"has_ae_slider elementor-section elementor-top-section elementor-element elementor-element-5d127218 elementor-section-boxed elementor-section-height-default elementor-section-height-default ae-bg-gallery-type-default\" data-id=\"5d127218\" data-element_type=\"section\">\n\t\t\t\t\t\t<div class=\"elementor-container elementor-column-gap-default\">\n\t\t\t\t\t<div class=\"has_ae_slider elementor-column elementor-col-100 elementor-top-column elementor-element elementor-element-e2dff1c ae-bg-gallery-type-default\" data-id=\"e2dff1c\" data-element_type=\"column\">\n\t\t\t<div class=\"elementor-widget-wrap elementor-element-populated\">\n\t\t\t\t\t\t<div class=\"elementor-element elementor-element-c965ea3 elementor-widget elementor-widget-heading\" data-id=\"c965ea3\" data-element_type=\"widget\" data-widget_type=\"heading.default\">\n\t\t\t\t<div class=\"elementor-widget-container\">\n\t\t\t\t\t<h1 class=\"elementor-heading-title elementor-size-default\">Datenschutzerkl\u00e4rung<\/h1>\t\t\t\t<\/div>\n\t\t\t\t<\/div>\n\t\t\t\t<div class=\"elementor-element elementor-element-9a1a410 elementor-widget elementor-widget-heading\" data-id=\"9a1a410\" data-element_type=\"widget\" data-widget_type=\"heading.default\">\n\t\t\t\t<div class=\"elementor-widget-container\">\n\t\t\t\t\t<h2 class=\"elementor-heading-title elementor-size-default\">Inhaber und gesamtverantwortlich f\u00fcr den Inhalt dieser Seiten<\/h2>\t\t\t\t<\/div>\n\t\t\t\t<\/div>\n\t\t\t\t<div class=\"elementor-element elementor-element-4705e1d elementor-widget elementor-widget-text-editor\" data-id=\"4705e1d\" data-element_type=\"widget\" data-widget_type=\"text-editor.default\">\n\t\t\t\t<div class=\"elementor-widget-container\">\n\t\t\t\t\t\t\t\t\t<p><\/p>\n<h1 class=\"wp-block-heading\" style=\"margin-top: 20px; margin-bottom: 10px; font-size: 19px; font-family: 'Helvetica Neue', Helvetica, Arial, sans-serif; line-height: 1.1; font-style: normal;\"><b style=\"color: #333333; font-size: 15px;\">Aroflex AG<\/b><\/h1>\n<p style=\"margin-bottom: 10px; color: #333333; font-family: 'Helvetica Neue', Helvetica, Arial, sans-serif; font-size: 15px;\"><span style=\"font-style: inherit;\">Unter\u00e4uliweg 4<br><\/span>CH-8560 M\u00e4rstetten<\/p>\n<p style=\"margin-bottom: 10px; font-family: &quot;Helvetica Neue&quot;, Helvetica, Arial, sans-serif; font-size: 15px;\">Tel: +41 71 657 19 28<br>Fax: +41 71 657 21 51<br><a href=\"mailto:info@aroflex.ch\" style=\"color: rgb(51, 122, 183); background-color: rgb(255, 255, 255);\">info@aroflex.ch<\/a><\/p><p style=\"margin-bottom: 10px; font-family: &quot;Helvetica Neue&quot;, Helvetica, Arial, sans-serif; font-size: 15px;\">Gesch\u00e4ftsf\u00fchrer: Herr J\u00f6rg Diefenbacher<br>Firmennummer: CHE-107.887.888<\/p><p style=\"margin-bottom: 10px; font-family: &quot;Helvetica Neue&quot;, Helvetica, Arial, sans-serif; font-size: 15px;\">\u00a9 2019 Aroflex AG &#8211; alle Rechte vorbehalten<br>Aroflex ist nicht verantwortlich f\u00fcr den Inhalt oder das Urheberrecht der verlinkten Websites.<\/p>\n<p><\/p>\t\t\t\t\t\t\t\t<\/div>\n\t\t\t\t<\/div>\n\t\t\t\t<div class=\"elementor-element elementor-element-ba77a87 elementor-widget elementor-widget-heading\" data-id=\"ba77a87\" data-element_type=\"widget\" data-widget_type=\"heading.default\">\n\t\t\t\t<div class=\"elementor-widget-container\">\n\t\t\t\t\t<h2 class=\"elementor-heading-title elementor-size-default\">Kontaktformulare<\/h2>\t\t\t\t<\/div>\n\t\t\t\t<\/div>\n\t\t\t\t<div class=\"elementor-element elementor-element-f094985 elementor-widget elementor-widget-text-editor\" data-id=\"f094985\" data-element_type=\"widget\" data-widget_type=\"text-editor.default\">\n\t\t\t\t<div class=\"elementor-widget-container\">\n\t\t\t\t\t\t\t\t\t<p><span style=\"font-size: 10.5pt; line-height: 115%; font-family: Arial, sans-serif; background-image: initial; background-position: initial; background-size: initial; background-repeat: initial; background-attachment: initial; background-origin: initial; background-clip: initial;\">Aroflex AG verpflichtet sich, Ihre pers\u00f6nlichen Daten vertraulich zu behandeln und nicht an Dritte weiter zu geben. Die f\u00fcr die Gesch\u00e4ftsabwicklung notwendigen Daten werden gespeichert und im Rahmen der Bestellabwicklung gegebenenfalls an verbundene Unternehmen weitergegeben.<br \/><\/span><span style=\"font-family: Arial, sans-serif; font-size: 10.5pt;\">Aroflex AG nutzt Ihre pers\u00f6nlichen Daten zu Zwecken der technischen Administration der Website, zur Kundenverwaltung, f\u00fcr Produktumfragen und f\u00fcr das Marketing nur im jeweils daf\u00fcr erforderlichen Umfang. Unsere Mitarbeitenden sind von uns zur Vertraulichkeit verpflichtet.<\/span><\/p>\t\t\t\t\t\t\t\t<\/div>\n\t\t\t\t<\/div>\n\t\t\t\t<div class=\"elementor-element elementor-element-3fcf902 elementor-widget elementor-widget-heading\" data-id=\"3fcf902\" data-element_type=\"widget\" data-widget_type=\"heading.default\">\n\t\t\t\t<div class=\"elementor-widget-container\">\n\t\t\t\t\t<h2 class=\"elementor-heading-title elementor-size-default\">Cookies<\/h2>\t\t\t\t<\/div>\n\t\t\t\t<\/div>\n\t\t\t\t<div class=\"elementor-element elementor-element-e3fb15f elementor-widget elementor-widget-text-editor\" data-id=\"e3fb15f\" data-element_type=\"widget\" data-widget_type=\"text-editor.default\">\n\t\t\t\t<div class=\"elementor-widget-container\">\n\t\t\t\t\t\t\t\t\t<p>Diese Internetseite verwendet Cookies. Cookies sind kleine Textinformationen, die \u00fcber Ihren Browser im Endger\u00e4t als Datei gespeichert werden. Cookies erlauben Nutzerinteraktionen und erm\u00f6glichen weitere Funktionen beim Besuch der Internetseiten.<br \/><span style=\"font-family: inherit; font-style: inherit; font-weight: inherit;\">So analysieren wir z.B. \u00fcber Cookies, welche Seiten Nutzer besonders h\u00e4ufig aufgerufen, nach welchen Suchbegriffen gesucht wurde usw. (\u201eWebtracking\u201c) Sie k\u00f6nnen die Analyse des Nutzungsverhaltens und den Gebrauch von Cookies unterbinden, wenn Sie in Ihrem Browser das Setzen von Cookies blockieren, indem Sie z.B. eine Ausnahme im Browser einrichten (so z.B. im Browser Firefox). Bitte sehen Sie ggf. in der Programmhilfe nach, wie Sie das in Ihrem Browser einrichten k\u00f6nnen. Nat\u00fcrlich k\u00f6nnen Sie auch anlassbezogen im Einzelfall oder periodisch Cookies in Ihrem Browser l\u00f6schen, um z.B. eine Analyse Ihres Nutzungsverhaltens zu unterbinden oder einzuschr\u00e4nken.<\/span><\/p>\t\t\t\t\t\t\t\t<\/div>\n\t\t\t\t<\/div>\n\t\t\t\t<div class=\"elementor-element elementor-element-87f1afc elementor-widget elementor-widget-heading\" data-id=\"87f1afc\" data-element_type=\"widget\" data-widget_type=\"heading.default\">\n\t\t\t\t<div class=\"elementor-widget-container\">\n\t\t\t\t\t<h2 class=\"elementor-heading-title elementor-size-default\">Webanalysedienst<\/h2>\t\t\t\t<\/div>\n\t\t\t\t<\/div>\n\t\t\t\t<div class=\"elementor-element elementor-element-4f2cef7 elementor-widget elementor-widget-text-editor\" data-id=\"4f2cef7\" data-element_type=\"widget\" data-widget_type=\"text-editor.default\">\n\t\t\t\t<div class=\"elementor-widget-container\">\n\t\t\t\t\t\t\t\t\t<p>Diese Website benutzt Google\u2122 Analytics, einen Webanalysedienst der Google Inc. (&#8222;Google&#8220;). Google Analytics verwendet sog. &#8222;Cookies&#8220;, Textdateien, die auf Ihrem Computer gespeichert werden und die eine Analyse der Benutzung der Website durch Sie erm\u00f6glichen. Die durch den Cookie erzeugten Informationen \u00fcber Ihre Benutzung dieser Website (einschlie\u00dflich Ihrer IP-Adresse) wird an einen Server von Google in den USA \u00fcbertragen und dort gespeichert. Google wird diese Informationen benutzen, um Ihre Nutzung der Website auszuwerten, um Reports \u00fcber die Websiteaktivit\u00e4ten f\u00fcr die Websitebetreiber zusammenzustellen und um weitere mit der Websitenutzung und der Internetnutzung verbundene Dienstleistungen zu erbringen. Auch wird Google diese Informationen gegebenenfalls an Dritte \u00fcbertragen, sofern dies gesetzlich vorgeschrieben oder soweit Dritte diese Daten im Auftrag von Google verarbeiten. Google wird in keinem Fall Ihre IP-Adresse mit anderen Daten von Google in Verbindung bringen. Sie k\u00f6nnen die Installation der Cookies durch eine entsprechende Einstellung Ihrer Browser Software verhindern; wir weisen Sie jedoch darauf hin, dass Sie in diesem Fall gegebenenfalls nicht s\u00e4mtliche Funktionen dieser Website vollumf\u00e4nglich nutzen k\u00f6nnen. Durch die Nutzung dieser Website erkl\u00e4ren Sie sich mit der Bearbeitung der \u00fcber Sie erhobenen Daten durch Google in der zuvor beschriebenen Art und Weise und zu dem zuvor benannten Zweck einverstanden.<\/p>\t\t\t\t\t\t\t\t<\/div>\n\t\t\t\t<\/div>\n\t\t\t\t\t<\/div>\n\t\t<\/div>\n\t\t\t\t\t<\/div>\n\t\t<\/section>\n\t\t\t\t<\/div>\n\t\t","protected":false},"excerpt":{"rendered":"<p>Datenschutzerkl\u00e4rung Inhaber und gesamtverantwortlich f\u00fcr den Inhalt dieser Seiten Aroflex AG Unter\u00e4uliweg 4CH-8560 M\u00e4rstetten Tel: +41 71 657 19 28Fax: +41 71 657 21 51info@aroflex.ch Gesch\u00e4ftsf\u00fchrer: Herr J\u00f6rg DiefenbacherFirmennummer: CHE-107.887.888 \u00a9 2019 Aroflex AG &#8211; alle Rechte vorbehaltenAroflex ist nicht verantwortlich f\u00fcr den Inhalt oder das Urheberrecht der verlinkten Websites. Kontaktformulare Aroflex AG verpflichtet sich, &#8230; <a title=\"Datenschutzerkl\u00e4rung\" class=\"read-more\" href=\"https:\/\/aroflex.ch\/de\/datenschutzerklaerung\/\" aria-label=\"Mehr Informationen \u00fcber Datenschutzerkl\u00e4rung\">Weiterlesen<\/a><\/p>\n","protected":false},"author":1,"featured_media":0,"parent":0,"menu_order":0,"comment_status":"closed","ping_status":"open","template":"","meta":{"_acf_changed":false,"footnotes":""},"class_list":["post-3","page","type-page","status-publish"],"acf":[],"yoast_head":"<!-- This site is optimized with the Yoast SEO plugin v26.4 - https:\/\/yoast.com\/wordpress\/plugins\/seo\/ -->\n<title>Datenschutzerkl\u00e4rung - Aroflex Industries AG<\/title>\n<meta name=\"robots\" content=\"index, follow, max-snippet:-1, max-image-preview:large, max-video-preview:-1\" \/>\n<link rel=\"canonical\" href=\"https:\/\/aroflex.ch\/de\/datenschutzerklaerung\/\" \/>\n<meta property=\"og:locale\" content=\"de_DE\" \/>\n<meta property=\"og:type\" content=\"article\" \/>\n<meta property=\"og:title\" content=\"Datenschutzerkl\u00e4rung - Aroflex Industries AG\" \/>\n<meta property=\"og:description\" content=\"Datenschutzerkl\u00e4rung Inhaber und gesamtverantwortlich f\u00fcr den Inhalt dieser Seiten Aroflex AG Unter\u00e4uliweg 4CH-8560 M\u00e4rstetten Tel: +41 71 657 19 28Fax: +41 71 657 21 51info@aroflex.ch Gesch\u00e4ftsf\u00fchrer: Herr J\u00f6rg DiefenbacherFirmennummer: CHE-107.887.888 \u00a9 2019 Aroflex AG &#8211; alle Rechte vorbehaltenAroflex ist nicht verantwortlich f\u00fcr den Inhalt oder das Urheberrecht der verlinkten Websites. Kontaktformulare Aroflex AG verpflichtet sich, ... Weiterlesen\" \/>\n<meta property=\"og:url\" content=\"https:\/\/aroflex.ch\/de\/datenschutzerklaerung\/\" \/>\n<meta property=\"og:site_name\" content=\"Aroflex Industries AG\" \/>\n<meta property=\"article:modified_time\" content=\"2020-04-02T09:25:05+00:00\" \/>\n<meta name=\"twitter:card\" content=\"summary_large_image\" \/>\n<meta name=\"twitter:label1\" content=\"Gesch\u00e4tzte Lesezeit\" \/>\n\t<meta name=\"twitter:data1\" content=\"2\u00a0Minuten\" \/>\n<script type=\"application\/ld+json\" class=\"yoast-schema-graph\">{\"@context\":\"https:\/\/schema.org\",\"@graph\":[{\"@type\":\"WebPage\",\"@id\":\"https:\/\/aroflex.ch\/de\/datenschutzerklaerung\/\",\"url\":\"https:\/\/aroflex.ch\/de\/datenschutzerklaerung\/\",\"name\":\"Datenschutzerkl\u00e4rung - Aroflex Industries AG\",\"isPartOf\":{\"@id\":\"https:\/\/aroflex.ch\/de\/#website\"},\"datePublished\":\"2019-08-07T07:43:14+00:00\",\"dateModified\":\"2020-04-02T09:25:05+00:00\",\"breadcrumb\":{\"@id\":\"https:\/\/aroflex.ch\/de\/datenschutzerklaerung\/#breadcrumb\"},\"inLanguage\":\"de\",\"potentialAction\":[{\"@type\":\"ReadAction\",\"target\":[\"https:\/\/aroflex.ch\/de\/datenschutzerklaerung\/\"]}]},{\"@type\":\"BreadcrumbList\",\"@id\":\"https:\/\/aroflex.ch\/de\/datenschutzerklaerung\/#breadcrumb\",\"itemListElement\":[{\"@type\":\"ListItem\",\"position\":1,\"name\":\"Startseite\",\"item\":\"https:\/\/aroflex.ch\/de\/\"},{\"@type\":\"ListItem\",\"position\":2,\"name\":\"Datenschutzerkl\u00e4rung\"}]},{\"@type\":\"WebSite\",\"@id\":\"https:\/\/aroflex.ch\/de\/#website\",\"url\":\"https:\/\/aroflex.ch\/de\/\",\"name\":\"Aroflex Industries AG\",\"description\":\"\",\"publisher\":{\"@id\":\"https:\/\/aroflex.ch\/de\/#organization\"},\"potentialAction\":[{\"@type\":\"SearchAction\",\"target\":{\"@type\":\"EntryPoint\",\"urlTemplate\":\"https:\/\/aroflex.ch\/de\/?s={search_term_string}\"},\"query-input\":{\"@type\":\"PropertyValueSpecification\",\"valueRequired\":true,\"valueName\":\"search_term_string\"}}],\"inLanguage\":\"de\"},{\"@type\":\"Organization\",\"@id\":\"https:\/\/aroflex.ch\/de\/#organization\",\"name\":\"Aroflex Industries AG\",\"url\":\"https:\/\/aroflex.ch\/de\/\",\"logo\":{\"@type\":\"ImageObject\",\"inLanguage\":\"de\",\"@id\":\"https:\/\/aroflex.ch\/de\/#\/schema\/logo\/image\/\",\"url\":\"https:\/\/aroflex.ch\/wp-content\/uploads\/aroflex-ag-hydraulik-maschinenbau.png\",\"contentUrl\":\"https:\/\/aroflex.ch\/wp-content\/uploads\/aroflex-ag-hydraulik-maschinenbau.png\",\"width\":500,\"height\":155,\"caption\":\"Aroflex Industries AG\"},\"image\":{\"@id\":\"https:\/\/aroflex.ch\/de\/#\/schema\/logo\/image\/\"}}]}<\/script>\n<!-- \/ Yoast SEO plugin. -->","yoast_head_json":{"title":"Datenschutzerkl\u00e4rung - Aroflex Industries AG","robots":{"index":"index","follow":"follow","max-snippet":"max-snippet:-1","max-image-preview":"max-image-preview:large","max-video-preview":"max-video-preview:-1"},"canonical":"https:\/\/aroflex.ch\/de\/datenschutzerklaerung\/","og_locale":"de_DE","og_type":"article","og_title":"Datenschutzerkl\u00e4rung - Aroflex Industries AG","og_description":"Datenschutzerkl\u00e4rung Inhaber und gesamtverantwortlich f\u00fcr den Inhalt dieser Seiten Aroflex AG Unter\u00e4uliweg 4CH-8560 M\u00e4rstetten Tel: +41 71 657 19 28Fax: +41 71 657 21 51info@aroflex.ch Gesch\u00e4ftsf\u00fchrer: Herr J\u00f6rg DiefenbacherFirmennummer: CHE-107.887.888 \u00a9 2019 Aroflex AG &#8211; alle Rechte vorbehaltenAroflex ist nicht verantwortlich f\u00fcr den Inhalt oder das Urheberrecht der verlinkten Websites. Kontaktformulare Aroflex AG verpflichtet sich, ... Weiterlesen","og_url":"https:\/\/aroflex.ch\/de\/datenschutzerklaerung\/","og_site_name":"Aroflex Industries AG","article_modified_time":"2020-04-02T09:25:05+00:00","twitter_card":"summary_large_image","twitter_misc":{"Gesch\u00e4tzte Lesezeit":"2\u00a0Minuten"},"schema":{"@context":"https:\/\/schema.org","@graph":[{"@type":"WebPage","@id":"https:\/\/aroflex.ch\/de\/datenschutzerklaerung\/","url":"https:\/\/aroflex.ch\/de\/datenschutzerklaerung\/","name":"Datenschutzerkl\u00e4rung - Aroflex Industries AG","isPartOf":{"@id":"https:\/\/aroflex.ch\/de\/#website"},"datePublished":"2019-08-07T07:43:14+00:00","dateModified":"2020-04-02T09:25:05+00:00","breadcrumb":{"@id":"https:\/\/aroflex.ch\/de\/datenschutzerklaerung\/#breadcrumb"},"inLanguage":"de","potentialAction":[{"@type":"ReadAction","target":["https:\/\/aroflex.ch\/de\/datenschutzerklaerung\/"]}]},{"@type":"BreadcrumbList","@id":"https:\/\/aroflex.ch\/de\/datenschutzerklaerung\/#breadcrumb","itemListElement":[{"@type":"ListItem","position":1,"name":"Startseite","item":"https:\/\/aroflex.ch\/de\/"},{"@type":"ListItem","position":2,"name":"Datenschutzerkl\u00e4rung"}]},{"@type":"WebSite","@id":"https:\/\/aroflex.ch\/de\/#website","url":"https:\/\/aroflex.ch\/de\/","name":"Aroflex Industries AG","description":"","publisher":{"@id":"https:\/\/aroflex.ch\/de\/#organization"},"potentialAction":[{"@type":"SearchAction","target":{"@type":"EntryPoint","urlTemplate":"https:\/\/aroflex.ch\/de\/?s={search_term_string}"},"query-input":{"@type":"PropertyValueSpecification","valueRequired":true,"valueName":"search_term_string"}}],"inLanguage":"de"},{"@type":"Organization","@id":"https:\/\/aroflex.ch\/de\/#organization","name":"Aroflex Industries AG","url":"https:\/\/aroflex.ch\/de\/","logo":{"@type":"ImageObject","inLanguage":"de","@id":"https:\/\/aroflex.ch\/de\/#\/schema\/logo\/image\/","url":"https:\/\/aroflex.ch\/wp-content\/uploads\/aroflex-ag-hydraulik-maschinenbau.png","contentUrl":"https:\/\/aroflex.ch\/wp-content\/uploads\/aroflex-ag-hydraulik-maschinenbau.png","width":500,"height":155,"caption":"Aroflex Industries AG"},"image":{"@id":"https:\/\/aroflex.ch\/de\/#\/schema\/logo\/image\/"}}]}},"_links":{"self":[{"href":"https:\/\/aroflex.ch\/de\/wp-json\/wp\/v2\/pages\/3","targetHints":{"allow":["GET"]}}],"collection":[{"href":"https:\/\/aroflex.ch\/de\/wp-json\/wp\/v2\/pages"}],"about":[{"href":"https:\/\/aroflex.ch\/de\/wp-json\/wp\/v2\/types\/page"}],"author":[{"embeddable":true,"href":"https:\/\/aroflex.ch\/de\/wp-json\/wp\/v2\/users\/1"}],"replies":[{"embeddable":true,"href":"https:\/\/aroflex.ch\/de\/wp-json\/wp\/v2\/comments?post=3"}],"version-history":[{"count":9,"href":"https:\/\/aroflex.ch\/de\/wp-json\/wp\/v2\/pages\/3\/revisions"}],"predecessor-version":[{"id":8203,"href":"https:\/\/aroflex.ch\/de\/wp-json\/wp\/v2\/pages\/3\/revisions\/8203"}],"wp:attachment":[{"href":"https:\/\/aroflex.ch\/de\/wp-json\/wp\/v2\/media?parent=3"}],"curies":[{"name":"wp","href":"https:\/\/api.w.org\/{rel}","templated":true}]}}