{"id":1460,"date":"2019-10-09T14:08:40","date_gmt":"2019-10-09T12:08:40","guid":{"rendered":"https:\/\/aroflex.ch\/?page_id=1460"},"modified":"2025-09-04T16:28:30","modified_gmt":"2025-09-04T14:28:30","slug":"1460-2","status":"publish","type":"page","link":"https:\/\/aroflex.ch\/en\/1460-2\/","title":{"rendered":"Imprint"},"content":{"rendered":"\t\t<div data-elementor-type=\"wp-page\" data-elementor-id=\"1460\" class=\"elementor elementor-1460 elementor-1455\" data-elementor-settings=\"{&quot;element_pack_global_tooltip_width&quot;:{&quot;unit&quot;:&quot;px&quot;,&quot;size&quot;:&quot;&quot;,&quot;sizes&quot;:[]},&quot;element_pack_global_tooltip_width_tablet&quot;:{&quot;unit&quot;:&quot;px&quot;,&quot;size&quot;:&quot;&quot;,&quot;sizes&quot;:[]},&quot;element_pack_global_tooltip_width_mobile&quot;:{&quot;unit&quot;:&quot;px&quot;,&quot;size&quot;:&quot;&quot;,&quot;sizes&quot;:[]},&quot;element_pack_global_tooltip_padding&quot;:{&quot;unit&quot;:&quot;px&quot;,&quot;top&quot;:&quot;&quot;,&quot;right&quot;:&quot;&quot;,&quot;bottom&quot;:&quot;&quot;,&quot;left&quot;:&quot;&quot;,&quot;isLinked&quot;:true},&quot;element_pack_global_tooltip_padding_tablet&quot;:{&quot;unit&quot;:&quot;px&quot;,&quot;top&quot;:&quot;&quot;,&quot;right&quot;:&quot;&quot;,&quot;bottom&quot;:&quot;&quot;,&quot;left&quot;:&quot;&quot;,&quot;isLinked&quot;:true},&quot;element_pack_global_tooltip_padding_mobile&quot;:{&quot;unit&quot;:&quot;px&quot;,&quot;top&quot;:&quot;&quot;,&quot;right&quot;:&quot;&quot;,&quot;bottom&quot;:&quot;&quot;,&quot;left&quot;:&quot;&quot;,&quot;isLinked&quot;:true},&quot;element_pack_global_tooltip_border_radius&quot;:{&quot;unit&quot;:&quot;px&quot;,&quot;top&quot;:&quot;&quot;,&quot;right&quot;:&quot;&quot;,&quot;bottom&quot;:&quot;&quot;,&quot;left&quot;:&quot;&quot;,&quot;isLinked&quot;:true},&quot;element_pack_global_tooltip_border_radius_tablet&quot;:{&quot;unit&quot;:&quot;px&quot;,&quot;top&quot;:&quot;&quot;,&quot;right&quot;:&quot;&quot;,&quot;bottom&quot;:&quot;&quot;,&quot;left&quot;:&quot;&quot;,&quot;isLinked&quot;:true},&quot;element_pack_global_tooltip_border_radius_mobile&quot;:{&quot;unit&quot;:&quot;px&quot;,&quot;top&quot;:&quot;&quot;,&quot;right&quot;:&quot;&quot;,&quot;bottom&quot;:&quot;&quot;,&quot;left&quot;:&quot;&quot;,&quot;isLinked&quot;:true}}\" data-elementor-post-type=\"page\">\n\t\t\t\t\t\t<section class=\"has_ae_slider elementor-section elementor-top-section elementor-element elementor-element-a232042 elementor-section-boxed elementor-section-height-default elementor-section-height-default ae-bg-gallery-type-default\" data-id=\"a232042\" data-element_type=\"section\">\n\t\t\t\t\t\t<div class=\"elementor-container elementor-column-gap-default\">\n\t\t\t\t\t<div class=\"has_ae_slider elementor-column elementor-col-100 elementor-top-column elementor-element elementor-element-3dafc85 ae-bg-gallery-type-default\" data-id=\"3dafc85\" data-element_type=\"column\">\n\t\t\t<div class=\"elementor-widget-wrap elementor-element-populated\">\n\t\t\t\t\t\t<div class=\"elementor-element elementor-element-7375b02 elementor-widget elementor-widget-heading\" data-id=\"7375b02\" data-element_type=\"widget\" data-widget_type=\"heading.default\">\n\t\t\t\t<div class=\"elementor-widget-container\">\n\t\t\t\t\t<h1 class=\"elementor-heading-title elementor-size-default\">Imprint<\/h1>\t\t\t\t<\/div>\n\t\t\t\t<\/div>\n\t\t\t\t<div class=\"elementor-element elementor-element-e3c54aa elementor-widget elementor-widget-heading\" data-id=\"e3c54aa\" data-element_type=\"widget\" data-widget_type=\"heading.default\">\n\t\t\t\t<div class=\"elementor-widget-container\">\n\t\t\t\t\t<h2 class=\"elementor-heading-title elementor-size-default\">Owner and responsive of the content<\/h2>\t\t\t\t<\/div>\n\t\t\t\t<\/div>\n\t\t\t\t<div class=\"elementor-element elementor-element-16c5e86 elementor-widget elementor-widget-text-editor\" data-id=\"16c5e86\" data-element_type=\"widget\" data-widget_type=\"text-editor.default\">\n\t\t\t\t<div class=\"elementor-widget-container\">\n\t\t\t\t\t\t\t\t\t<p><strong>Aroflex Industries AG<\/strong><br \/>Unter\u00e4uliweg 4<br \/>CH-8560 M\u00e4rstetten<\/p><p><a href=\"tel:+41716571928\">Tel: +41 71 657 19 28<\/a><\/p><p><a href=\"mailto:info@aroflex.ch\">info@aroflex.ch<\/a><\/p><p>CEO: Thomas F\u00e4h<br \/>Register-No.: CHE-413.490.673<\/p><p>\u00a9 2025 Aroflex Industries AG &#8211; all rights reserved<br \/>Aroflex is not responsible for the content or copyright of linked websites.<\/p>\t\t\t\t\t\t\t\t<\/div>\n\t\t\t\t<\/div>\n\t\t\t\t<div class=\"elementor-element elementor-element-e0e7075 elementor-widget elementor-widget-heading\" data-id=\"e0e7075\" data-element_type=\"widget\" data-widget_type=\"heading.default\">\n\t\t\t\t<div class=\"elementor-widget-container\">\n\t\t\t\t\t<h2 class=\"elementor-heading-title elementor-size-default\">Webagency<\/h2>\t\t\t\t<\/div>\n\t\t\t\t<\/div>\n\t\t\t\t<div class=\"elementor-element elementor-element-a776a8d elementor-widget elementor-widget-text-editor\" data-id=\"a776a8d\" data-element_type=\"widget\" data-widget_type=\"text-editor.default\">\n\t\t\t\t<div class=\"elementor-widget-container\">\n\t\t\t\t\t\t\t\t\t<p><strong>swisswebXperts GmbH<\/strong><br \/>The Webdevelopers<br \/>St. Gallerstrasse 17<br \/>9524 Zuzwil SG<\/p><p><a href=\"http:\/\/www.swisswebxperts.ch\">www.swisswebxperts.ch<\/a><\/p>\t\t\t\t\t\t\t\t<\/div>\n\t\t\t\t<\/div>\n\t\t\t\t<div class=\"elementor-element elementor-element-2ab5c3a elementor-widget elementor-widget-heading\" data-id=\"2ab5c3a\" data-element_type=\"widget\" data-widget_type=\"heading.default\">\n\t\t\t\t<div class=\"elementor-widget-container\">\n\t\t\t\t\t<h2 class=\"elementor-heading-title elementor-size-default\">Web analytics service<\/h2>\t\t\t\t<\/div>\n\t\t\t\t<\/div>\n\t\t\t\t<div class=\"elementor-element elementor-element-c716aa8 elementor-widget elementor-widget-text-editor\" data-id=\"c716aa8\" data-element_type=\"widget\" data-widget_type=\"text-editor.default\">\n\t\t\t\t<div class=\"elementor-widget-container\">\n\t\t\t\t\t\t\t\t\t<p>This website uses Google \u2122 Analytics, a web analytics service provided by Google Inc. (&#8220;Google&#8221;). Google Analytics uses. &#8220;Cookies&#8221;, text files that are stored on your computer and enable analysis of your use of the website. The information generated by the cookie about your use of this website (including your IP address) is transmitted to a Google server in the US and stored there. Google will use this information to evaluate your use of the website, compiling reports on website activity for website operators and providing other with website and internet related services. Google may also transfer this information to third parties where required by law or where such third parties process the information on Google&#8217;s behalf. Google will not associate your IP address with any other data held by Google. You may refuse the use of cookies by selecting the appropriate settings on your browser; however, we point out that you may not be able to use all features of this website in this case. By using this site you consent to the processing of data about you by Google in the manner described above and for the purposes set out above.<\/p>\t\t\t\t\t\t\t\t<\/div>\n\t\t\t\t<\/div>\n\t\t\t\t\t<\/div>\n\t\t<\/div>\n\t\t\t\t\t<\/div>\n\t\t<\/section>\n\t\t\t\t<\/div>\n\t\t","protected":false},"excerpt":{"rendered":"<p>Imprint Owner and responsive of the content Aroflex Industries AGUnter\u00e4uliweg 4CH-8560 M\u00e4rstetten Tel: +41 71 657 19 28 info@aroflex.ch CEO: Thomas F\u00e4hRegister-No.: CHE-413.490.673 \u00a9 2025 Aroflex Industries AG &#8211; all rights reservedAroflex is not responsible for the content or copyright of linked websites. Webagency swisswebXperts GmbHThe WebdevelopersSt. Gallerstrasse 179524 Zuzwil SG www.swisswebxperts.ch Web analytics service &#8230; <a title=\"Imprint\" class=\"read-more\" href=\"https:\/\/aroflex.ch\/en\/1460-2\/\" aria-label=\"Read more about Imprint\">Read more<\/a><\/p>\n","protected":false},"author":1,"featured_media":0,"parent":0,"menu_order":0,"comment_status":"closed","ping_status":"closed","template":"","meta":{"_acf_changed":false,"footnotes":""},"class_list":["post-1460","page","type-page","status-publish"],"acf":[],"yoast_head":"<!-- This site is optimized with the Yoast SEO plugin v26.4 - https:\/\/yoast.com\/wordpress\/plugins\/seo\/ -->\n<title>Imprint - Aroflex Industries AG<\/title>\n<meta name=\"robots\" content=\"index, follow, max-snippet:-1, max-image-preview:large, max-video-preview:-1\" \/>\n<link rel=\"canonical\" href=\"https:\/\/aroflex.ch\/en\/1460-2\/\" \/>\n<meta property=\"og:locale\" content=\"en_US\" \/>\n<meta property=\"og:type\" content=\"article\" \/>\n<meta property=\"og:title\" content=\"Imprint - Aroflex Industries AG\" \/>\n<meta property=\"og:description\" content=\"Imprint Owner and responsive of the content Aroflex Industries AGUnter\u00e4uliweg 4CH-8560 M\u00e4rstetten Tel: +41 71 657 19 28 info@aroflex.ch CEO: Thomas F\u00e4hRegister-No.: CHE-413.490.673 \u00a9 2025 Aroflex Industries AG &#8211; all rights reservedAroflex is not responsible for the content or copyright of linked websites. Webagency swisswebXperts GmbHThe WebdevelopersSt. Gallerstrasse 179524 Zuzwil SG www.swisswebxperts.ch Web analytics service ... Read more\" \/>\n<meta property=\"og:url\" content=\"https:\/\/aroflex.ch\/en\/1460-2\/\" \/>\n<meta property=\"og:site_name\" content=\"Aroflex Industries AG\" \/>\n<meta property=\"article:modified_time\" content=\"2025-09-04T14:28:30+00:00\" \/>\n<meta name=\"twitter:card\" content=\"summary_large_image\" \/>\n<meta name=\"twitter:label1\" content=\"Est. reading time\" \/>\n\t<meta name=\"twitter:data1\" content=\"1 minute\" \/>\n<script type=\"application\/ld+json\" class=\"yoast-schema-graph\">{\"@context\":\"https:\/\/schema.org\",\"@graph\":[{\"@type\":\"WebPage\",\"@id\":\"https:\/\/aroflex.ch\/en\/1460-2\/\",\"url\":\"https:\/\/aroflex.ch\/en\/1460-2\/\",\"name\":\"Imprint - Aroflex Industries AG\",\"isPartOf\":{\"@id\":\"https:\/\/aroflex.ch\/en\/#website\"},\"datePublished\":\"2019-10-09T12:08:40+00:00\",\"dateModified\":\"2025-09-04T14:28:30+00:00\",\"breadcrumb\":{\"@id\":\"https:\/\/aroflex.ch\/en\/1460-2\/#breadcrumb\"},\"inLanguage\":\"en-US\",\"potentialAction\":[{\"@type\":\"ReadAction\",\"target\":[\"https:\/\/aroflex.ch\/en\/1460-2\/\"]}]},{\"@type\":\"BreadcrumbList\",\"@id\":\"https:\/\/aroflex.ch\/en\/1460-2\/#breadcrumb\",\"itemListElement\":[{\"@type\":\"ListItem\",\"position\":1,\"name\":\"Startseite\",\"item\":\"https:\/\/aroflex.ch\/en\/\"},{\"@type\":\"ListItem\",\"position\":2,\"name\":\"Imprint\"}]},{\"@type\":\"WebSite\",\"@id\":\"https:\/\/aroflex.ch\/en\/#website\",\"url\":\"https:\/\/aroflex.ch\/en\/\",\"name\":\"Aroflex Industries AG\",\"description\":\"\",\"publisher\":{\"@id\":\"https:\/\/aroflex.ch\/en\/#organization\"},\"potentialAction\":[{\"@type\":\"SearchAction\",\"target\":{\"@type\":\"EntryPoint\",\"urlTemplate\":\"https:\/\/aroflex.ch\/en\/?s={search_term_string}\"},\"query-input\":{\"@type\":\"PropertyValueSpecification\",\"valueRequired\":true,\"valueName\":\"search_term_string\"}}],\"inLanguage\":\"en-US\"},{\"@type\":\"Organization\",\"@id\":\"https:\/\/aroflex.ch\/en\/#organization\",\"name\":\"Aroflex Industries AG\",\"url\":\"https:\/\/aroflex.ch\/en\/\",\"logo\":{\"@type\":\"ImageObject\",\"inLanguage\":\"en-US\",\"@id\":\"https:\/\/aroflex.ch\/en\/#\/schema\/logo\/image\/\",\"url\":\"https:\/\/aroflex.ch\/wp-content\/uploads\/aroflex-ag-hydraulik-maschinenbau.png\",\"contentUrl\":\"https:\/\/aroflex.ch\/wp-content\/uploads\/aroflex-ag-hydraulik-maschinenbau.png\",\"width\":500,\"height\":155,\"caption\":\"Aroflex Industries AG\"},\"image\":{\"@id\":\"https:\/\/aroflex.ch\/en\/#\/schema\/logo\/image\/\"}}]}<\/script>\n<!-- \/ Yoast SEO plugin. -->","yoast_head_json":{"title":"Imprint - Aroflex Industries AG","robots":{"index":"index","follow":"follow","max-snippet":"max-snippet:-1","max-image-preview":"max-image-preview:large","max-video-preview":"max-video-preview:-1"},"canonical":"https:\/\/aroflex.ch\/en\/1460-2\/","og_locale":"en_US","og_type":"article","og_title":"Imprint - Aroflex Industries AG","og_description":"Imprint Owner and responsive of the content Aroflex Industries AGUnter\u00e4uliweg 4CH-8560 M\u00e4rstetten Tel: +41 71 657 19 28 info@aroflex.ch CEO: Thomas F\u00e4hRegister-No.: CHE-413.490.673 \u00a9 2025 Aroflex Industries AG &#8211; all rights reservedAroflex is not responsible for the content or copyright of linked websites. Webagency swisswebXperts GmbHThe WebdevelopersSt. Gallerstrasse 179524 Zuzwil SG www.swisswebxperts.ch Web analytics service ... Read more","og_url":"https:\/\/aroflex.ch\/en\/1460-2\/","og_site_name":"Aroflex Industries AG","article_modified_time":"2025-09-04T14:28:30+00:00","twitter_card":"summary_large_image","twitter_misc":{"Est. reading time":"1 minute"},"schema":{"@context":"https:\/\/schema.org","@graph":[{"@type":"WebPage","@id":"https:\/\/aroflex.ch\/en\/1460-2\/","url":"https:\/\/aroflex.ch\/en\/1460-2\/","name":"Imprint - Aroflex Industries AG","isPartOf":{"@id":"https:\/\/aroflex.ch\/en\/#website"},"datePublished":"2019-10-09T12:08:40+00:00","dateModified":"2025-09-04T14:28:30+00:00","breadcrumb":{"@id":"https:\/\/aroflex.ch\/en\/1460-2\/#breadcrumb"},"inLanguage":"en-US","potentialAction":[{"@type":"ReadAction","target":["https:\/\/aroflex.ch\/en\/1460-2\/"]}]},{"@type":"BreadcrumbList","@id":"https:\/\/aroflex.ch\/en\/1460-2\/#breadcrumb","itemListElement":[{"@type":"ListItem","position":1,"name":"Startseite","item":"https:\/\/aroflex.ch\/en\/"},{"@type":"ListItem","position":2,"name":"Imprint"}]},{"@type":"WebSite","@id":"https:\/\/aroflex.ch\/en\/#website","url":"https:\/\/aroflex.ch\/en\/","name":"Aroflex Industries AG","description":"","publisher":{"@id":"https:\/\/aroflex.ch\/en\/#organization"},"potentialAction":[{"@type":"SearchAction","target":{"@type":"EntryPoint","urlTemplate":"https:\/\/aroflex.ch\/en\/?s={search_term_string}"},"query-input":{"@type":"PropertyValueSpecification","valueRequired":true,"valueName":"search_term_string"}}],"inLanguage":"en-US"},{"@type":"Organization","@id":"https:\/\/aroflex.ch\/en\/#organization","name":"Aroflex Industries AG","url":"https:\/\/aroflex.ch\/en\/","logo":{"@type":"ImageObject","inLanguage":"en-US","@id":"https:\/\/aroflex.ch\/en\/#\/schema\/logo\/image\/","url":"https:\/\/aroflex.ch\/wp-content\/uploads\/aroflex-ag-hydraulik-maschinenbau.png","contentUrl":"https:\/\/aroflex.ch\/wp-content\/uploads\/aroflex-ag-hydraulik-maschinenbau.png","width":500,"height":155,"caption":"Aroflex Industries AG"},"image":{"@id":"https:\/\/aroflex.ch\/en\/#\/schema\/logo\/image\/"}}]}},"_links":{"self":[{"href":"https:\/\/aroflex.ch\/en\/wp-json\/wp\/v2\/pages\/1460","targetHints":{"allow":["GET"]}}],"collection":[{"href":"https:\/\/aroflex.ch\/en\/wp-json\/wp\/v2\/pages"}],"about":[{"href":"https:\/\/aroflex.ch\/en\/wp-json\/wp\/v2\/types\/page"}],"author":[{"embeddable":true,"href":"https:\/\/aroflex.ch\/en\/wp-json\/wp\/v2\/users\/1"}],"replies":[{"embeddable":true,"href":"https:\/\/aroflex.ch\/en\/wp-json\/wp\/v2\/comments?post=1460"}],"version-history":[{"count":11,"href":"https:\/\/aroflex.ch\/en\/wp-json\/wp\/v2\/pages\/1460\/revisions"}],"predecessor-version":[{"id":10462,"href":"https:\/\/aroflex.ch\/en\/wp-json\/wp\/v2\/pages\/1460\/revisions\/10462"}],"wp:attachment":[{"href":"https:\/\/aroflex.ch\/en\/wp-json\/wp\/v2\/media?parent=1460"}],"curies":[{"name":"wp","href":"https:\/\/api.w.org\/{rel}","templated":true}]}}