{"id":2495,"date":"2019-10-28T15:15:08","date_gmt":"2019-10-28T14:15:08","guid":{"rendered":"https:\/\/aroflex.ch\/?page_id=2495"},"modified":"2020-04-02T11:18:53","modified_gmt":"2020-04-02T09:18:53","slug":"privacy-policy","status":"publish","type":"page","link":"https:\/\/aroflex.ch\/en\/privacy-policy\/","title":{"rendered":"privacy policy"},"content":{"rendered":"\t\t<div data-elementor-type=\"wp-page\" data-elementor-id=\"2495\" class=\"elementor elementor-2495 elementor-3\" data-elementor-settings=\"{&quot;element_pack_global_tooltip_width&quot;:{&quot;unit&quot;:&quot;px&quot;,&quot;size&quot;:&quot;&quot;,&quot;sizes&quot;:[]},&quot;element_pack_global_tooltip_width_tablet&quot;:{&quot;unit&quot;:&quot;px&quot;,&quot;size&quot;:&quot;&quot;,&quot;sizes&quot;:[]},&quot;element_pack_global_tooltip_width_mobile&quot;:{&quot;unit&quot;:&quot;px&quot;,&quot;size&quot;:&quot;&quot;,&quot;sizes&quot;:[]},&quot;element_pack_global_tooltip_padding&quot;:{&quot;unit&quot;:&quot;px&quot;,&quot;top&quot;:&quot;&quot;,&quot;right&quot;:&quot;&quot;,&quot;bottom&quot;:&quot;&quot;,&quot;left&quot;:&quot;&quot;,&quot;isLinked&quot;:true},&quot;element_pack_global_tooltip_padding_tablet&quot;:{&quot;unit&quot;:&quot;px&quot;,&quot;top&quot;:&quot;&quot;,&quot;right&quot;:&quot;&quot;,&quot;bottom&quot;:&quot;&quot;,&quot;left&quot;:&quot;&quot;,&quot;isLinked&quot;:true},&quot;element_pack_global_tooltip_padding_mobile&quot;:{&quot;unit&quot;:&quot;px&quot;,&quot;top&quot;:&quot;&quot;,&quot;right&quot;:&quot;&quot;,&quot;bottom&quot;:&quot;&quot;,&quot;left&quot;:&quot;&quot;,&quot;isLinked&quot;:true},&quot;element_pack_global_tooltip_border_radius&quot;:{&quot;unit&quot;:&quot;px&quot;,&quot;top&quot;:&quot;&quot;,&quot;right&quot;:&quot;&quot;,&quot;bottom&quot;:&quot;&quot;,&quot;left&quot;:&quot;&quot;,&quot;isLinked&quot;:true},&quot;element_pack_global_tooltip_border_radius_tablet&quot;:{&quot;unit&quot;:&quot;px&quot;,&quot;top&quot;:&quot;&quot;,&quot;right&quot;:&quot;&quot;,&quot;bottom&quot;:&quot;&quot;,&quot;left&quot;:&quot;&quot;,&quot;isLinked&quot;:true},&quot;element_pack_global_tooltip_border_radius_mobile&quot;:{&quot;unit&quot;:&quot;px&quot;,&quot;top&quot;:&quot;&quot;,&quot;right&quot;:&quot;&quot;,&quot;bottom&quot;:&quot;&quot;,&quot;left&quot;:&quot;&quot;,&quot;isLinked&quot;:true}}\" data-elementor-post-type=\"page\">\n\t\t\t\t\t\t<section class=\"has_ae_slider elementor-section elementor-top-section elementor-element elementor-element-a03ecc7 elementor-section-boxed elementor-section-height-default elementor-section-height-default ae-bg-gallery-type-default\" data-id=\"a03ecc7\" data-element_type=\"section\">\n\t\t\t\t\t\t<div class=\"elementor-container elementor-column-gap-default\">\n\t\t\t\t\t<div class=\"has_ae_slider elementor-column elementor-col-100 elementor-top-column elementor-element elementor-element-0b1e01c ae-bg-gallery-type-default\" data-id=\"0b1e01c\" data-element_type=\"column\">\n\t\t\t<div class=\"elementor-widget-wrap elementor-element-populated\">\n\t\t\t\t\t\t<div class=\"elementor-element elementor-element-3aa70f5 elementor-widget elementor-widget-heading\" data-id=\"3aa70f5\" data-element_type=\"widget\" data-widget_type=\"heading.default\">\n\t\t\t\t<div class=\"elementor-widget-container\">\n\t\t\t\t\t<h1 class=\"elementor-heading-title elementor-size-default\">Privacy Policy<\/h1>\t\t\t\t<\/div>\n\t\t\t\t<\/div>\n\t\t\t\t<div class=\"elementor-element elementor-element-36d4675 elementor-widget elementor-widget-heading\" data-id=\"36d4675\" data-element_type=\"widget\" data-widget_type=\"heading.default\">\n\t\t\t\t<div class=\"elementor-widget-container\">\n\t\t\t\t\t<h2 class=\"elementor-heading-title elementor-size-default\">Owner and responsive of the content<\/h2>\t\t\t\t<\/div>\n\t\t\t\t<\/div>\n\t\t\t\t<div class=\"elementor-element elementor-element-4c1f993 elementor-widget elementor-widget-text-editor\" data-id=\"4c1f993\" data-element_type=\"widget\" data-widget_type=\"text-editor.default\">\n\t\t\t\t<div class=\"elementor-widget-container\">\n\t\t\t\t\t\t\t\t\t<p><strong>Aroflex AG<\/strong><br \/>Unter\u00e4uliweg 4<br \/>CH-8560 M\u00e4rstetten<\/p><p>Tel: +41 71 657 19 28<br \/>Fax: +41 71 657 21 51<br \/><a href=\"mailto:info@aroflex.ch\">info@aroflex.ch<\/a><\/p><p>CEO: Mr. J\u00f6rg Diefenbacher<br \/>Register-No.: CHE-107.887.888<\/p><p>\u00a9 2019 Aroflex AG &#8211; all rights reserved<br \/>Aroflex is not responsible for the content or copyright of linked websites.<\/p>\t\t\t\t\t\t\t\t<\/div>\n\t\t\t\t<\/div>\n\t\t\t\t<div class=\"elementor-element elementor-element-9fe4547 elementor-widget elementor-widget-heading\" data-id=\"9fe4547\" data-element_type=\"widget\" data-widget_type=\"heading.default\">\n\t\t\t\t<div class=\"elementor-widget-container\">\n\t\t\t\t\t<h2 class=\"elementor-heading-title elementor-size-default\">Contact Form<\/h2>\t\t\t\t<\/div>\n\t\t\t\t<\/div>\n\t\t\t\t<div class=\"elementor-element elementor-element-3297a86 elementor-widget elementor-widget-text-editor\" data-id=\"3297a86\" data-element_type=\"widget\" data-widget_type=\"text-editor.default\">\n\t\t\t\t<div class=\"elementor-widget-container\">\n\t\t\t\t\t\t\t\t\t<p>Aroflex AG undertakes to treat your personal data confidentially and not to pass them on to third parties. The data necessary for the business transaction will be stored and, if necessary, passed on to affiliated companies within the framework of the order processing.<br \/>Aroflex AG will use your personal data for the sole purpose of technical administration of the website, customer administration, product surveys and marketing, only to the extent necessary in each specific case. Our employees are obliged by us to maintain confidentiality.<\/p>\t\t\t\t\t\t\t\t<\/div>\n\t\t\t\t<\/div>\n\t\t\t\t<div class=\"elementor-element elementor-element-69e6a38 elementor-widget elementor-widget-heading\" data-id=\"69e6a38\" data-element_type=\"widget\" data-widget_type=\"heading.default\">\n\t\t\t\t<div class=\"elementor-widget-container\">\n\t\t\t\t\t<h2 class=\"elementor-heading-title elementor-size-default\">Cookies<\/h2>\t\t\t\t<\/div>\n\t\t\t\t<\/div>\n\t\t\t\t<div class=\"elementor-element elementor-element-0eea5ca elementor-widget elementor-widget-text-editor\" data-id=\"0eea5ca\" data-element_type=\"widget\" data-widget_type=\"text-editor.default\">\n\t\t\t\t<div class=\"elementor-widget-container\">\n\t\t\t\t\t\t\t\t\t<p>This website uses cookies. Cookies are small pieces of text information that are stored as a file in your browser on your end device. Cookies allow user interaction and enable further functions when visiting the website.<br \/>For example, we use cookies to analyse which pages users visit most frequently, which search terms were searched for, etc. (&#8220;web tracking&#8221;) You can prevent the analysis of user behaviour and the use of cookies if you block the setting of cookies in your browser, for example by setting an exception in the browser (e.g. in the Firefox browser). If necessary, please check the program help to see how you can set this up in your browser. Of course, you can also delete cookies in your browser on a case-by-case basis or periodically, e.g. to prevent or restrict an analysis of your usage behaviour.<\/p>\t\t\t\t\t\t\t\t<\/div>\n\t\t\t\t<\/div>\n\t\t\t\t<div class=\"elementor-element elementor-element-dd98217 elementor-widget elementor-widget-heading\" data-id=\"dd98217\" data-element_type=\"widget\" data-widget_type=\"heading.default\">\n\t\t\t\t<div class=\"elementor-widget-container\">\n\t\t\t\t\t<h2 class=\"elementor-heading-title elementor-size-default\">Web analytics service<\/h2>\t\t\t\t<\/div>\n\t\t\t\t<\/div>\n\t\t\t\t<div class=\"elementor-element elementor-element-7543c5c elementor-widget elementor-widget-text-editor\" data-id=\"7543c5c\" data-element_type=\"widget\" data-widget_type=\"text-editor.default\">\n\t\t\t\t<div class=\"elementor-widget-container\">\n\t\t\t\t\t\t\t\t\t<p>This website uses Google \u2122 Analytics, a web analytics service provided by Google Inc. (&#8220;Google&#8221;). Google Analytics uses. &#8220;Cookies&#8221;, text files that are stored on your computer and enable analysis of your use of the website. The information generated by the cookie about your use of this website (including your IP address) is transmitted to a Google server in the US and stored there. Google will use this information to evaluate your use of the website, compiling reports on website activity for website operators and providing other with website and internet related services. Google may also transfer this information to third parties where required by law or where such third parties process the information on Google&#8217;s behalf. Google will not associate your IP address with any other data held by Google. You may refuse the use of cookies by selecting the appropriate settings on your browser; however, we point out that you may not be able to use all features of this website in this case. By using this site you consent to the processing of data about you by Google in the manner described above and for the purposes set out above.<\/p>\t\t\t\t\t\t\t\t<\/div>\n\t\t\t\t<\/div>\n\t\t\t\t\t<\/div>\n\t\t<\/div>\n\t\t\t\t\t<\/div>\n\t\t<\/section>\n\t\t\t\t<\/div>\n\t\t","protected":false},"excerpt":{"rendered":"<p>Privacy Policy Owner and responsive of the content Aroflex AGUnter\u00e4uliweg 4CH-8560 M\u00e4rstetten Tel: +41 71 657 19 28Fax: +41 71 657 21 51info@aroflex.ch CEO: Mr. J\u00f6rg DiefenbacherRegister-No.: CHE-107.887.888 \u00a9 2019 Aroflex AG &#8211; all rights reservedAroflex is not responsible for the content or copyright of linked websites. Contact Form Aroflex AG undertakes to treat your &#8230; <a title=\"privacy policy\" class=\"read-more\" href=\"https:\/\/aroflex.ch\/en\/privacy-policy\/\" aria-label=\"Read more about privacy policy\">Read more<\/a><\/p>\n","protected":false},"author":1,"featured_media":0,"parent":0,"menu_order":0,"comment_status":"closed","ping_status":"open","template":"","meta":{"_acf_changed":false,"footnotes":""},"class_list":["post-2495","page","type-page","status-publish"],"acf":[],"yoast_head":"<!-- This site is optimized with the Yoast SEO plugin v26.4 - https:\/\/yoast.com\/wordpress\/plugins\/seo\/ -->\n<title>privacy policy - Aroflex Industries AG<\/title>\n<meta name=\"robots\" content=\"index, follow, max-snippet:-1, max-image-preview:large, max-video-preview:-1\" \/>\n<link rel=\"canonical\" href=\"https:\/\/aroflex.ch\/en\/privacy-policy\/\" \/>\n<meta property=\"og:locale\" content=\"en_US\" \/>\n<meta property=\"og:type\" content=\"article\" \/>\n<meta property=\"og:title\" content=\"privacy policy - Aroflex Industries AG\" \/>\n<meta property=\"og:description\" content=\"Privacy Policy Owner and responsive of the content Aroflex AGUnter\u00e4uliweg 4CH-8560 M\u00e4rstetten Tel: +41 71 657 19 28Fax: +41 71 657 21 51info@aroflex.ch CEO: Mr. J\u00f6rg DiefenbacherRegister-No.: CHE-107.887.888 \u00a9 2019 Aroflex AG &#8211; all rights reservedAroflex is not responsible for the content or copyright of linked websites. Contact Form Aroflex AG undertakes to treat your ... Read more\" \/>\n<meta property=\"og:url\" content=\"https:\/\/aroflex.ch\/en\/privacy-policy\/\" \/>\n<meta property=\"og:site_name\" content=\"Aroflex Industries AG\" \/>\n<meta property=\"article:modified_time\" content=\"2020-04-02T09:18:53+00:00\" \/>\n<meta name=\"twitter:card\" content=\"summary_large_image\" \/>\n<meta name=\"twitter:label1\" content=\"Est. reading time\" \/>\n\t<meta name=\"twitter:data1\" content=\"2 minutes\" \/>\n<script type=\"application\/ld+json\" class=\"yoast-schema-graph\">{\"@context\":\"https:\/\/schema.org\",\"@graph\":[{\"@type\":\"WebPage\",\"@id\":\"https:\/\/aroflex.ch\/en\/privacy-policy\/\",\"url\":\"https:\/\/aroflex.ch\/en\/privacy-policy\/\",\"name\":\"privacy policy - Aroflex Industries AG\",\"isPartOf\":{\"@id\":\"https:\/\/aroflex.ch\/en\/#website\"},\"datePublished\":\"2019-10-28T14:15:08+00:00\",\"dateModified\":\"2020-04-02T09:18:53+00:00\",\"breadcrumb\":{\"@id\":\"https:\/\/aroflex.ch\/en\/privacy-policy\/#breadcrumb\"},\"inLanguage\":\"en-US\",\"potentialAction\":[{\"@type\":\"ReadAction\",\"target\":[\"https:\/\/aroflex.ch\/en\/privacy-policy\/\"]}]},{\"@type\":\"BreadcrumbList\",\"@id\":\"https:\/\/aroflex.ch\/en\/privacy-policy\/#breadcrumb\",\"itemListElement\":[{\"@type\":\"ListItem\",\"position\":1,\"name\":\"Startseite\",\"item\":\"https:\/\/aroflex.ch\/en\/\"},{\"@type\":\"ListItem\",\"position\":2,\"name\":\"privacy policy\"}]},{\"@type\":\"WebSite\",\"@id\":\"https:\/\/aroflex.ch\/en\/#website\",\"url\":\"https:\/\/aroflex.ch\/en\/\",\"name\":\"Aroflex Industries AG\",\"description\":\"\",\"publisher\":{\"@id\":\"https:\/\/aroflex.ch\/en\/#organization\"},\"potentialAction\":[{\"@type\":\"SearchAction\",\"target\":{\"@type\":\"EntryPoint\",\"urlTemplate\":\"https:\/\/aroflex.ch\/en\/?s={search_term_string}\"},\"query-input\":{\"@type\":\"PropertyValueSpecification\",\"valueRequired\":true,\"valueName\":\"search_term_string\"}}],\"inLanguage\":\"en-US\"},{\"@type\":\"Organization\",\"@id\":\"https:\/\/aroflex.ch\/en\/#organization\",\"name\":\"Aroflex Industries AG\",\"url\":\"https:\/\/aroflex.ch\/en\/\",\"logo\":{\"@type\":\"ImageObject\",\"inLanguage\":\"en-US\",\"@id\":\"https:\/\/aroflex.ch\/en\/#\/schema\/logo\/image\/\",\"url\":\"https:\/\/aroflex.ch\/wp-content\/uploads\/aroflex-ag-hydraulik-maschinenbau.png\",\"contentUrl\":\"https:\/\/aroflex.ch\/wp-content\/uploads\/aroflex-ag-hydraulik-maschinenbau.png\",\"width\":500,\"height\":155,\"caption\":\"Aroflex Industries AG\"},\"image\":{\"@id\":\"https:\/\/aroflex.ch\/en\/#\/schema\/logo\/image\/\"}}]}<\/script>\n<!-- \/ Yoast SEO plugin. -->","yoast_head_json":{"title":"privacy policy - Aroflex Industries AG","robots":{"index":"index","follow":"follow","max-snippet":"max-snippet:-1","max-image-preview":"max-image-preview:large","max-video-preview":"max-video-preview:-1"},"canonical":"https:\/\/aroflex.ch\/en\/privacy-policy\/","og_locale":"en_US","og_type":"article","og_title":"privacy policy - Aroflex Industries AG","og_description":"Privacy Policy Owner and responsive of the content Aroflex AGUnter\u00e4uliweg 4CH-8560 M\u00e4rstetten Tel: +41 71 657 19 28Fax: +41 71 657 21 51info@aroflex.ch CEO: Mr. J\u00f6rg DiefenbacherRegister-No.: CHE-107.887.888 \u00a9 2019 Aroflex AG &#8211; all rights reservedAroflex is not responsible for the content or copyright of linked websites. Contact Form Aroflex AG undertakes to treat your ... Read more","og_url":"https:\/\/aroflex.ch\/en\/privacy-policy\/","og_site_name":"Aroflex Industries AG","article_modified_time":"2020-04-02T09:18:53+00:00","twitter_card":"summary_large_image","twitter_misc":{"Est. reading time":"2 minutes"},"schema":{"@context":"https:\/\/schema.org","@graph":[{"@type":"WebPage","@id":"https:\/\/aroflex.ch\/en\/privacy-policy\/","url":"https:\/\/aroflex.ch\/en\/privacy-policy\/","name":"privacy policy - Aroflex Industries AG","isPartOf":{"@id":"https:\/\/aroflex.ch\/en\/#website"},"datePublished":"2019-10-28T14:15:08+00:00","dateModified":"2020-04-02T09:18:53+00:00","breadcrumb":{"@id":"https:\/\/aroflex.ch\/en\/privacy-policy\/#breadcrumb"},"inLanguage":"en-US","potentialAction":[{"@type":"ReadAction","target":["https:\/\/aroflex.ch\/en\/privacy-policy\/"]}]},{"@type":"BreadcrumbList","@id":"https:\/\/aroflex.ch\/en\/privacy-policy\/#breadcrumb","itemListElement":[{"@type":"ListItem","position":1,"name":"Startseite","item":"https:\/\/aroflex.ch\/en\/"},{"@type":"ListItem","position":2,"name":"privacy policy"}]},{"@type":"WebSite","@id":"https:\/\/aroflex.ch\/en\/#website","url":"https:\/\/aroflex.ch\/en\/","name":"Aroflex Industries AG","description":"","publisher":{"@id":"https:\/\/aroflex.ch\/en\/#organization"},"potentialAction":[{"@type":"SearchAction","target":{"@type":"EntryPoint","urlTemplate":"https:\/\/aroflex.ch\/en\/?s={search_term_string}"},"query-input":{"@type":"PropertyValueSpecification","valueRequired":true,"valueName":"search_term_string"}}],"inLanguage":"en-US"},{"@type":"Organization","@id":"https:\/\/aroflex.ch\/en\/#organization","name":"Aroflex Industries AG","url":"https:\/\/aroflex.ch\/en\/","logo":{"@type":"ImageObject","inLanguage":"en-US","@id":"https:\/\/aroflex.ch\/en\/#\/schema\/logo\/image\/","url":"https:\/\/aroflex.ch\/wp-content\/uploads\/aroflex-ag-hydraulik-maschinenbau.png","contentUrl":"https:\/\/aroflex.ch\/wp-content\/uploads\/aroflex-ag-hydraulik-maschinenbau.png","width":500,"height":155,"caption":"Aroflex Industries AG"},"image":{"@id":"https:\/\/aroflex.ch\/en\/#\/schema\/logo\/image\/"}}]}},"_links":{"self":[{"href":"https:\/\/aroflex.ch\/en\/wp-json\/wp\/v2\/pages\/2495","targetHints":{"allow":["GET"]}}],"collection":[{"href":"https:\/\/aroflex.ch\/en\/wp-json\/wp\/v2\/pages"}],"about":[{"href":"https:\/\/aroflex.ch\/en\/wp-json\/wp\/v2\/types\/page"}],"author":[{"embeddable":true,"href":"https:\/\/aroflex.ch\/en\/wp-json\/wp\/v2\/users\/1"}],"replies":[{"embeddable":true,"href":"https:\/\/aroflex.ch\/en\/wp-json\/wp\/v2\/comments?post=2495"}],"version-history":[{"count":4,"href":"https:\/\/aroflex.ch\/en\/wp-json\/wp\/v2\/pages\/2495\/revisions"}],"predecessor-version":[{"id":8181,"href":"https:\/\/aroflex.ch\/en\/wp-json\/wp\/v2\/pages\/2495\/revisions\/8181"}],"wp:attachment":[{"href":"https:\/\/aroflex.ch\/en\/wp-json\/wp\/v2\/media?parent=2495"}],"curies":[{"name":"wp","href":"https:\/\/api.w.org\/{rel}","templated":true}]}}